{"id":12,"date":"2015-06-14T13:54:12","date_gmt":"2015-06-14T13:54:12","guid":{"rendered":"http:\/\/www.rotaryeclub4652.org.br\/site\/?page_id=12"},"modified":"2017-07-03T16:02:19","modified_gmt":"2017-07-03T16:02:19","slug":"e-cub","status":"publish","type":"page","link":"https:\/\/www.rotaryeclub4652.org.br\/site\/e-cub\/","title":{"rendered":"E-CLUB"},"content":{"rendered":"<p><strong>E-CLUBS<\/strong><br \/>\nOs Rotary E-clubs s\u00e3o como os outros clubes: seus associados se re\u00fanem semanalmente, fazem<br \/>\nprojetos humanit\u00e1rios, apoiam a Funda\u00e7\u00e3o Rot\u00e1ria e participam de eventos sociais. A \u00fanica coisa<br \/>\ndiferente \u00e9 que o associado de um e-club pode acessar sua reuni\u00e3o no hor\u00e1rio e no dia que quiser.<\/p>\n<p><strong>COMO UM E-CLUB FUNCIONA?<\/strong><br \/>\nOs associados de e-clubs usam webinars, videoconfer\u00eancias, mensagens instant\u00e2neas ou aplicativos<br \/>\ncomo Skype e Google Hangout para se comunicarem. Um associado pode, por exemplo, postar o<br \/>\nconte\u00fado de uma reuni\u00e3o on-line para que os outros participem da discuss\u00e3o ao longo da semana.<br \/>\nAlguns e-clubs tamb\u00e9m se re\u00fanem pessoalmente para realizar projetos, participar de atividades<br \/>\nsociais ou ir a Conven\u00e7\u00f5es do RI.<\/p>\n<p><strong>QUEM PODE SE ASSOCIAR?<\/strong><br \/>\nCada e-club faz parte de um determinado distrito, mas seus associados podem ser de diferentes pa\u00edses<br \/>\nou regi\u00f5es.<br \/>\nUm e-club \u00e9 a op\u00e7\u00e3o ideal se voc\u00ea:<\/p>\n<ul>\n<li>Tem a agenda lotada e precisa de hor\u00e1rios flex\u00edveis<\/li>\n<li>Viaja frequentemente ou<\/li>\n<li>Tem problemas de locomo\u00e7\u00e3o<\/li>\n<\/ul>\n","protected":false},"excerpt":{"rendered":"<p>E-CLUBS Os Rotary E-clubs s\u00e3o como os outros clubes: seus associados se re\u00fanem semanalmente, fazem projetos humanit\u00e1rios, apoiam a Funda\u00e7\u00e3o<\/p>\n","protected":false},"author":1,"featured_media":0,"parent":0,"menu_order":0,"comment_status":"closed","ping_status":"closed","template":"","meta":[],"_links":{"self":[{"href":"https:\/\/www.rotaryeclub4652.org.br\/site\/wp-json\/wp\/v2\/pages\/12"}],"collection":[{"href":"https:\/\/www.rotaryeclub4652.org.br\/site\/wp-json\/wp\/v2\/pages"}],"about":[{"href":"https:\/\/www.rotaryeclub4652.org.br\/site\/wp-json\/wp\/v2\/types\/page"}],"author":[{"embeddable":true,"href":"https:\/\/www.rotaryeclub4652.org.br\/site\/wp-json\/wp\/v2\/users\/1"}],"replies":[{"embeddable":true,"href":"https:\/\/www.rotaryeclub4652.org.br\/site\/wp-json\/wp\/v2\/comments?post=12"}],"version-history":[{"count":12,"href":"https:\/\/www.rotaryeclub4652.org.br\/site\/wp-json\/wp\/v2\/pages\/12\/revisions"}],"predecessor-version":[{"id":149,"href":"https:\/\/www.rotaryeclub4652.org.br\/site\/wp-json\/wp\/v2\/pages\/12\/revisions\/149"}],"wp:attachment":[{"href":"https:\/\/www.rotaryeclub4652.org.br\/site\/wp-json\/wp\/v2\/media?parent=12"}],"curies":[{"name":"wp","href":"https:\/\/api.w.org\/{rel}","templated":true}]}}