{"id":20,"date":"2015-06-14T14:06:11","date_gmt":"2015-06-14T14:06:11","guid":{"rendered":"http:\/\/www.rotaryeclub4652.org.br\/site\/?page_id=20"},"modified":"2022-05-24T16:22:23","modified_gmt":"2022-05-24T16:22:23","slug":"hitorico","status":"publish","type":"page","link":"https:\/\/www.rotaryeclub4652.org.br\/site\/hitorico\/","title":{"rendered":"Hist\u00f3rico"},"content":{"rendered":"<p>Funda\u00e7\u00e3o do Rotary E-club de Jaragu\u00e1 do Sul. Atual Rotary E-club do Distrito 4652.<\/p>\n<p>O Rotary E-Club de Jaragua do Sul foi criado em 2015 por uma iniciativa do Presidente do Rotary Club de Jaragu\u00e1 do Sul que se tornou seu Clube Padrinho.<\/p>\n<p>Na ocasi\u00e3o o Rotary International tinha aberto esta possibilidade sendo que poderiam ser abertos dois Clubes Virtuais por Distrito. O Rotary Club Jaragua do Sul presidido pelo Companheiro Fred Charles Maass, se identificou com a Ideia, visto que desta forma poderia expandir a atua\u00e7\u00e3o virtual com o ingresso de novos Companheiros e Companheiras que, naquele momento, devido a limita\u00e7\u00f5es profissionais e pessoais n\u00e3o podiam se fazer presentes fisicamente, mas tinham perfil Rot\u00e1rio poderiam ser engajadas virtualmente e encorajadas a participar das fileiras do Rotary. Desta forma foi criada uma comiss\u00e3o coordenada pelo Companheiro Jonas De Medeiros (Diretor do Projeto) o qual elaborou todo o projeto desde como funcionaria o E-Club, seu site, Ingresso, Estatutos e diretrizes juntamente com o Rotaractiano Thiago Padilha especialista em desenvolvimento de Software.<br \/>Ap\u00f3s a concep\u00e7\u00e3o inicial foram convidados Rotarianos e Rotarianas do Rotary Club de Jaragua do Sul para migrarem para o Rotary E-Club do Distrito 4650 juntamente com novos associados.<br \/>Como o E-Club n\u00e3o tinha fronteiras f\u00edsicas, foram convidados inclusive intercambistas de outros pa\u00edses que tinham realizado o Intercambio em Jaragua do Sul para compor o quadro de associados. A Cria\u00e7\u00e3o do E-club se deu com o total apoio do nosso, ent\u00e3o, Governador Gest\u00e3o 2014\/2015 Companheiro Celso de Camargo Campos sem o qual o Rotary E-Club n\u00e3o teria sido aprovado.<\/p>\n<p>Foi na Conven\u00e7\u00e3o Internacional do Rotary International ocorrida em S\u00e3o Paulo em 2015 que o Presidente do Rotary Club de Jaragu\u00e1 do Sul ( Gest\u00e3o 2014\/2015) Companheiro Fred Charles Maass juntamente com o Governador do distrito 4650 Companheiro Celso de Camargo Campos (Gest\u00e3o 2014\/2015) entregaram os documentos assinados para os secret\u00e1rios do Rotary International Brasil Office solicitando a sua cria\u00e7\u00e3o. Sendo efetivada a sua cria\u00e7\u00e3o em 2015.<\/p>\n<p>Alguns pretensos associados diziam que n\u00e3o gostariam de pertencer a um e-Club que tivesse o seu nome vinculado ao nome de uma cidade. Diziam que o nome do e-Club seria mais rapidamente identificado se constasse o n\u00famero do Distrito.<\/p>\n<p>Ent\u00e3o, na gest\u00e3o 2019-20 e depois de amplamente discutido, os associados aprovaram a altera\u00e7\u00e3o do nome, que foi solicitada ao Rotary International. No dia 1\u00ba\/10\/2019 o Rotary International assinou o novo Diploma, reconhecendo o nome atual.<\/p>\n<p><br \/>S\u00e3o s\u00f3cios fundadores do Rotary E-Club De Jaragu\u00e1 do Sul<\/p>\n<p>1-Rodrigo Hoeppers\u00a0<\/p>\n<p>2-Reginaldo Alves Rodrigues\u00a0<\/p>\n<p>3- Joseane Leone<\/p>\n<p>4- Rodrigo Eduardo Assun\u00e7\u00e3o\u00a0<\/p>\n<p>5- Marcela Hoenicke<\/p>\n<p>6 &#8211; Viviane Nart<\/p>\n<p>7 &#8211; Odilon Luiz Fachini<\/p>\n<p>8- Patricia Daniela Gomes<\/p>\n<p>9- Delinde Massaneiro Fachini<\/p>\n<p>10 &#8211; Hannah Laura H\u00f6lterhoff<\/p>\n<p>11- Maicon Roberto Alves\u00a0<\/p>\n<p>12- Paulo Eduardo Borchardt<\/p>\n<p>13- Willian Clement Maul<\/p>\n<p>14- Andr\u00e9 Possari<\/p>\n<p>15- Gabriela Rogomolof Taquegami<\/p>\n<p>16- Benyamin Parham Fard<\/p>\n<p>17- Osmar Cesar Cruz<\/p>\n<p>18 &#8211; Rafael Coelho<\/p>\n<p>19 &#8211; Itamar Aparecido Peixer\u00a0<\/p>\n<p>20 &#8211; Artur Fernando Giovanella<\/p>\n<p>21- Eduardo Pereira Teixeira Viana<\/p>\n<p>\u00a0<\/p>\n<p>Equipe<br \/><a href=\"http:\/\/www.rotaryeclub4652.org.br\/site\/wp-content\/uploads\/2020\/07\/logo-eclub4652-site11.png\"><img loading=\"lazy\" class=\"alignnone  wp-image-210\" src=\"http:\/\/www.rotaryeclub4652.org.br\/site\/wp-content\/uploads\/2020\/07\/logo-eclub4652-site11-300x80.png\" alt=\"\" width=\"143\" height=\"38\" srcset=\"https:\/\/www.rotaryeclub4652.org.br\/site\/wp-content\/uploads\/2020\/07\/logo-eclub4652-site11-300x80.png 300w, https:\/\/www.rotaryeclub4652.org.br\/site\/wp-content\/uploads\/2020\/07\/logo-eclub4652-site11-392x107.png 392w, https:\/\/www.rotaryeclub4652.org.br\/site\/wp-content\/uploads\/2020\/07\/logo-eclub4652-site11-390x107.png 390w, https:\/\/www.rotaryeclub4652.org.br\/site\/wp-content\/uploads\/2020\/07\/logo-eclub4652-site11.png 400w\" sizes=\"(max-width: 143px) 100vw, 143px\" \/><\/a><\/p>\n\n\n<p><\/p>\n","protected":false},"excerpt":{"rendered":"<p>Funda\u00e7\u00e3o do Rotary E-club de Jaragu\u00e1 do Sul. Atual Rotary E-club do Distrito 4652. O Rotary E-Club de Jaragua do<\/p>\n","protected":false},"author":1,"featured_media":0,"parent":0,"menu_order":0,"comment_status":"closed","ping_status":"closed","template":"","meta":[],"_links":{"self":[{"href":"https:\/\/www.rotaryeclub4652.org.br\/site\/wp-json\/wp\/v2\/pages\/20"}],"collection":[{"href":"https:\/\/www.rotaryeclub4652.org.br\/site\/wp-json\/wp\/v2\/pages"}],"about":[{"href":"https:\/\/www.rotaryeclub4652.org.br\/site\/wp-json\/wp\/v2\/types\/page"}],"author":[{"embeddable":true,"href":"https:\/\/www.rotaryeclub4652.org.br\/site\/wp-json\/wp\/v2\/users\/1"}],"replies":[{"embeddable":true,"href":"https:\/\/www.rotaryeclub4652.org.br\/site\/wp-json\/wp\/v2\/comments?post=20"}],"version-history":[{"count":8,"href":"https:\/\/www.rotaryeclub4652.org.br\/site\/wp-json\/wp\/v2\/pages\/20\/revisions"}],"predecessor-version":[{"id":441,"href":"https:\/\/www.rotaryeclub4652.org.br\/site\/wp-json\/wp\/v2\/pages\/20\/revisions\/441"}],"wp:attachment":[{"href":"https:\/\/www.rotaryeclub4652.org.br\/site\/wp-json\/wp\/v2\/media?parent=20"}],"curies":[{"name":"wp","href":"https:\/\/api.w.org\/{rel}","templated":true}]}}