{"id":311,"date":"2021-07-02T14:10:41","date_gmt":"2021-07-02T14:10:41","guid":{"rendered":"http:\/\/www.rotaryeclub4652.org.br\/site\/?page_id=311"},"modified":"2021-07-04T00:43:48","modified_gmt":"2021-07-04T00:43:48","slug":"humanizacao-iml-de-jaragua-do-sul","status":"publish","type":"page","link":"https:\/\/www.rotaryeclub4652.org.br\/site\/humanizacao-iml-de-jaragua-do-sul\/","title":{"rendered":"Humaniza\u00e7\u00e3o IML de Jaragu\u00e1 do Sul"},"content":{"rendered":"\n<p class=\"has-text-align-left\">O IGP &#8211; Instituto Geral de Per\u00edcias de Jaragu\u00e1 do Sul conta agora com um espa\u00e7o diferenciado de acolhimento a v\u00edtimas de viol\u00eancia. Por meio de parceria com o Rotary e-Club do Distrito 4652 e o Rotary Club Jaragu\u00e1 do Sul Vale do Itapoc\u00fa, foram reformadas a sala de exames e a sala de espera, com a cria\u00e7\u00e3o de uma brinquedoteca. <\/p>\n\n\n\n<figure class=\"wp-block-image size-large is-resized\"><img loading=\"lazy\" src=\"http:\/\/www.rotaryeclub4652.org.br\/site\/wp-content\/uploads\/2021\/07\/IGP1.jpg\" alt=\"\" class=\"wp-image-312\" width=\"420\" height=\"419\" srcset=\"https:\/\/www.rotaryeclub4652.org.br\/site\/wp-content\/uploads\/2021\/07\/IGP1.jpg 769w, https:\/\/www.rotaryeclub4652.org.br\/site\/wp-content\/uploads\/2021\/07\/IGP1-300x300.jpg 300w, https:\/\/www.rotaryeclub4652.org.br\/site\/wp-content\/uploads\/2021\/07\/IGP1-150x150.jpg 150w\" sizes=\"(max-width: 420px) 100vw, 420px\" \/><\/figure>\n\n\n\n<p class=\"has-text-align-left\">No local s\u00e3o recebidas as pessoas v\u00edtimas de viol\u00eancia para exames de les\u00e3o corporal. O atendimento de pessoas vivas corresponde a 95% dos laudos do IML &#8211; Instituto M\u00e9dico Legal, sendo muitas delas vulner\u00e1veis. Mulheres, crian\u00e7as e idosos correspondem a uma grande parte do p\u00fablico atendido. <\/p>\n\n\n\n<figure class=\"wp-block-image size-large is-resized\"><img loading=\"lazy\" src=\"http:\/\/www.rotaryeclub4652.org.br\/site\/wp-content\/uploads\/2021\/07\/IGP2.jpg\" alt=\"\" class=\"wp-image-313\" width=\"415\" height=\"415\" srcset=\"https:\/\/www.rotaryeclub4652.org.br\/site\/wp-content\/uploads\/2021\/07\/IGP2.jpg 864w, https:\/\/www.rotaryeclub4652.org.br\/site\/wp-content\/uploads\/2021\/07\/IGP2-300x300.jpg 300w, https:\/\/www.rotaryeclub4652.org.br\/site\/wp-content\/uploads\/2021\/07\/IGP2-150x150.jpg 150w, https:\/\/www.rotaryeclub4652.org.br\/site\/wp-content\/uploads\/2021\/07\/IGP2-768x768.jpg 768w\" sizes=\"(max-width: 415px) 100vw, 415px\" \/><\/figure>\n\n\n\n<p class=\"has-text-align-left\">A execu\u00e7\u00e3o da obra foi realizada pelo Rotary E-Club do Distrito 4652 e Rotary Club Jaragu\u00e1 do Sul Vale do Itapoc\u00fa, com planejamento junto \u00e0 equipe do IML de Jaragu\u00e1 do Sul.<\/p>\n\n\n\n<figure class=\"wp-block-image size-large is-resized\"><img loading=\"lazy\" src=\"http:\/\/www.rotaryeclub4652.org.br\/site\/wp-content\/uploads\/2021\/07\/IGP3.jpg\" alt=\"\" class=\"wp-image-314\" width=\"419\" height=\"419\" srcset=\"https:\/\/www.rotaryeclub4652.org.br\/site\/wp-content\/uploads\/2021\/07\/IGP3.jpg 808w, https:\/\/www.rotaryeclub4652.org.br\/site\/wp-content\/uploads\/2021\/07\/IGP3-300x300.jpg 300w, https:\/\/www.rotaryeclub4652.org.br\/site\/wp-content\/uploads\/2021\/07\/IGP3-150x150.jpg 150w, https:\/\/www.rotaryeclub4652.org.br\/site\/wp-content\/uploads\/2021\/07\/IGP3-768x768.jpg 768w\" sizes=\"(max-width: 419px) 100vw, 419px\" \/><\/figure>\n","protected":false},"excerpt":{"rendered":"<p>O IGP &#8211; Instituto Geral de Per\u00edcias de Jaragu\u00e1 do Sul conta agora com um espa\u00e7o diferenciado de acolhimento a<\/p>\n","protected":false},"author":1,"featured_media":0,"parent":0,"menu_order":0,"comment_status":"closed","ping_status":"closed","template":"","meta":[],"_links":{"self":[{"href":"https:\/\/www.rotaryeclub4652.org.br\/site\/wp-json\/wp\/v2\/pages\/311"}],"collection":[{"href":"https:\/\/www.rotaryeclub4652.org.br\/site\/wp-json\/wp\/v2\/pages"}],"about":[{"href":"https:\/\/www.rotaryeclub4652.org.br\/site\/wp-json\/wp\/v2\/types\/page"}],"author":[{"embeddable":true,"href":"https:\/\/www.rotaryeclub4652.org.br\/site\/wp-json\/wp\/v2\/users\/1"}],"replies":[{"embeddable":true,"href":"https:\/\/www.rotaryeclub4652.org.br\/site\/wp-json\/wp\/v2\/comments?post=311"}],"version-history":[{"count":8,"href":"https:\/\/www.rotaryeclub4652.org.br\/site\/wp-json\/wp\/v2\/pages\/311\/revisions"}],"predecessor-version":[{"id":330,"href":"https:\/\/www.rotaryeclub4652.org.br\/site\/wp-json\/wp\/v2\/pages\/311\/revisions\/330"}],"wp:attachment":[{"href":"https:\/\/www.rotaryeclub4652.org.br\/site\/wp-json\/wp\/v2\/media?parent=311"}],"curies":[{"name":"wp","href":"https:\/\/api.w.org\/{rel}","templated":true}]}}