{"id":323,"date":"2021-07-02T14:36:13","date_gmt":"2021-07-02T14:36:13","guid":{"rendered":"http:\/\/www.rotaryeclub4652.org.br\/site\/?page_id=323"},"modified":"2021-07-04T00:57:18","modified_gmt":"2021-07-04T00:57:18","slug":"doacao-hospital-jaragua","status":"publish","type":"page","link":"https:\/\/www.rotaryeclub4652.org.br\/site\/doacao-hospital-jaragua\/","title":{"rendered":"Doa\u00e7\u00e3o ao Hospital Jaragu\u00e1"},"content":{"rendered":"\n<p>Realizamos a entrega de 100 travesseiros ao Grupo de Volunt\u00e1rios do Hospital e Maternidade Jaragu\u00e1. Esse material foi devidamente higienizado pelos volunt\u00e1rios e entregue ao hospital. <\/p>\n\n\n\n<p>Esse projeto foi realizado atrav\u00e9s de parceria com a iniciativa privada.<\/p>\n\n\n\n<figure class=\"wp-block-image size-large is-resized\"><img loading=\"lazy\" src=\"http:\/\/www.rotaryeclub4652.org.br\/site\/wp-content\/uploads\/2021\/07\/PHOTO-2020-09-21-16-26-41-2-1024x770.jpg\" alt=\"\" class=\"wp-image-337\" width=\"468\" height=\"352\" srcset=\"https:\/\/www.rotaryeclub4652.org.br\/site\/wp-content\/uploads\/2021\/07\/PHOTO-2020-09-21-16-26-41-2-1024x770.jpg 1024w, https:\/\/www.rotaryeclub4652.org.br\/site\/wp-content\/uploads\/2021\/07\/PHOTO-2020-09-21-16-26-41-2-300x225.jpg 300w, https:\/\/www.rotaryeclub4652.org.br\/site\/wp-content\/uploads\/2021\/07\/PHOTO-2020-09-21-16-26-41-2-768x577.jpg 768w, https:\/\/www.rotaryeclub4652.org.br\/site\/wp-content\/uploads\/2021\/07\/PHOTO-2020-09-21-16-26-41-2.jpg 1280w\" sizes=\"(max-width: 468px) 100vw, 468px\" \/><\/figure>\n\n\n\n<figure class=\"wp-block-image size-large is-resized\"><img loading=\"lazy\" src=\"http:\/\/www.rotaryeclub4652.org.br\/site\/wp-content\/uploads\/2021\/07\/travesseiros-1024x768.jpg\" alt=\"\" class=\"wp-image-324\" width=\"465\" height=\"349\" srcset=\"https:\/\/www.rotaryeclub4652.org.br\/site\/wp-content\/uploads\/2021\/07\/travesseiros-1024x768.jpg 1024w, https:\/\/www.rotaryeclub4652.org.br\/site\/wp-content\/uploads\/2021\/07\/travesseiros-300x225.jpg 300w, https:\/\/www.rotaryeclub4652.org.br\/site\/wp-content\/uploads\/2021\/07\/travesseiros-768x576.jpg 768w, https:\/\/www.rotaryeclub4652.org.br\/site\/wp-content\/uploads\/2021\/07\/travesseiros-1536x1152.jpg 1536w, https:\/\/www.rotaryeclub4652.org.br\/site\/wp-content\/uploads\/2021\/07\/travesseiros.jpg 2048w\" sizes=\"(max-width: 465px) 100vw, 465px\" \/><\/figure>\n\n\n\n<figure class=\"wp-block-image size-large is-resized\"><img loading=\"lazy\" src=\"http:\/\/www.rotaryeclub4652.org.br\/site\/wp-content\/uploads\/2021\/07\/travesseiros2-1024x768.jpg\" alt=\"\" class=\"wp-image-325\" width=\"466\" height=\"349\" srcset=\"https:\/\/www.rotaryeclub4652.org.br\/site\/wp-content\/uploads\/2021\/07\/travesseiros2-1024x768.jpg 1024w, https:\/\/www.rotaryeclub4652.org.br\/site\/wp-content\/uploads\/2021\/07\/travesseiros2-300x225.jpg 300w, https:\/\/www.rotaryeclub4652.org.br\/site\/wp-content\/uploads\/2021\/07\/travesseiros2-768x576.jpg 768w, https:\/\/www.rotaryeclub4652.org.br\/site\/wp-content\/uploads\/2021\/07\/travesseiros2.jpg 1280w\" sizes=\"(max-width: 466px) 100vw, 466px\" \/><\/figure>\n","protected":false},"excerpt":{"rendered":"<p>Realizamos a entrega de 100 travesseiros ao Grupo de Volunt\u00e1rios do Hospital e Maternidade Jaragu\u00e1. Esse material foi devidamente higienizado<\/p>\n","protected":false},"author":1,"featured_media":0,"parent":0,"menu_order":0,"comment_status":"closed","ping_status":"closed","template":"","meta":[],"_links":{"self":[{"href":"https:\/\/www.rotaryeclub4652.org.br\/site\/wp-json\/wp\/v2\/pages\/323"}],"collection":[{"href":"https:\/\/www.rotaryeclub4652.org.br\/site\/wp-json\/wp\/v2\/pages"}],"about":[{"href":"https:\/\/www.rotaryeclub4652.org.br\/site\/wp-json\/wp\/v2\/types\/page"}],"author":[{"embeddable":true,"href":"https:\/\/www.rotaryeclub4652.org.br\/site\/wp-json\/wp\/v2\/users\/1"}],"replies":[{"embeddable":true,"href":"https:\/\/www.rotaryeclub4652.org.br\/site\/wp-json\/wp\/v2\/comments?post=323"}],"version-history":[{"count":9,"href":"https:\/\/www.rotaryeclub4652.org.br\/site\/wp-json\/wp\/v2\/pages\/323\/revisions"}],"predecessor-version":[{"id":339,"href":"https:\/\/www.rotaryeclub4652.org.br\/site\/wp-json\/wp\/v2\/pages\/323\/revisions\/339"}],"wp:attachment":[{"href":"https:\/\/www.rotaryeclub4652.org.br\/site\/wp-json\/wp\/v2\/media?parent=323"}],"curies":[{"name":"wp","href":"https:\/\/api.w.org\/{rel}","templated":true}]}}