{"id":33,"date":"2015-06-14T14:27:01","date_gmt":"2015-06-14T14:27:01","guid":{"rendered":"http:\/\/www.rotaryeclub4652.org.br\/site\/?page_id=33"},"modified":"2024-07-01T13:50:58","modified_gmt":"2024-07-01T13:50:58","slug":"regulamentos","status":"publish","type":"page","link":"https:\/\/www.rotaryeclub4652.org.br\/site\/regulamentos\/","title":{"rendered":"Ambiente Virtual"},"content":{"rendered":"<p>Caro Visitante.<\/p>\n<p>Essa \u00e1rea especifica \u00e9 destinada aos visitantes rotarianos que desejam recuperar suas frequ\u00eancias, para tanto, solicitamos que contribuam para o debate e engrandecimento de nosso clube.<\/p>\n<p>Para que possam participar nesse importante processo de constru\u00e7\u00e3o coletiva do conhecimento, solicitamos que acessem o e-club a partir do seguinte Login e senha:<\/p>\n<p>Login: visitante<\/p>\n<p>Senha: Rotary-4650<\/p>\n<p>Link: <a href=\"http:\/\/www.rotaryeclub4652.org.br\/moodle\/login\/index.php\" target=\"_blank\" rel=\"noopener noreferrer\">Acesso recupera\u00e7\u00e3o<\/a><\/p>\n<p>A recupera\u00e7\u00e3o ocorre atrav\u00e9s da sua intera\u00e7\u00e3o com o e-club por meio de uma postagem de resposta ao t\u00f3pico aberto, abordando o tema destacado para aquele m\u00eas, sendo que ao t\u00e9rmino da reflex\u00e3o desejada, informe seus dados e de seu clube, bem como a data que deseja recuperar em sua frequ\u00eancia, informando tamb\u00e9m seu e-mail de contato que, ap\u00f3s an\u00e1lise da postagem, enviaremos o certificado de recupera\u00e7\u00e3o.<\/p>\n<p>Desde j\u00e1 agradecemos a visita.<\/p>\n<p>Companheiro Fred Charles Maass<\/p>\n<p>Presidente Gest\u00e3o 2024-2025<\/p>\n<div id=\"icpbravoaccess_loaded\"><\/div>\n","protected":false},"excerpt":{"rendered":"<p>Caro Visitante. Essa \u00e1rea especifica \u00e9 destinada aos visitantes rotarianos que desejam recuperar suas frequ\u00eancias, para tanto, solicitamos que contribuam<\/p>\n","protected":false},"author":1,"featured_media":0,"parent":0,"menu_order":0,"comment_status":"closed","ping_status":"closed","template":"","meta":[],"_links":{"self":[{"href":"https:\/\/www.rotaryeclub4652.org.br\/site\/wp-json\/wp\/v2\/pages\/33"}],"collection":[{"href":"https:\/\/www.rotaryeclub4652.org.br\/site\/wp-json\/wp\/v2\/pages"}],"about":[{"href":"https:\/\/www.rotaryeclub4652.org.br\/site\/wp-json\/wp\/v2\/types\/page"}],"author":[{"embeddable":true,"href":"https:\/\/www.rotaryeclub4652.org.br\/site\/wp-json\/wp\/v2\/users\/1"}],"replies":[{"embeddable":true,"href":"https:\/\/www.rotaryeclub4652.org.br\/site\/wp-json\/wp\/v2\/comments?post=33"}],"version-history":[{"count":13,"href":"https:\/\/www.rotaryeclub4652.org.br\/site\/wp-json\/wp\/v2\/pages\/33\/revisions"}],"predecessor-version":[{"id":517,"href":"https:\/\/www.rotaryeclub4652.org.br\/site\/wp-json\/wp\/v2\/pages\/33\/revisions\/517"}],"wp:attachment":[{"href":"https:\/\/www.rotaryeclub4652.org.br\/site\/wp-json\/wp\/v2\/media?parent=33"}],"curies":[{"name":"wp","href":"https:\/\/api.w.org\/{rel}","templated":true}]}}