{"id":352,"date":"2021-09-06T16:11:17","date_gmt":"2021-09-06T16:11:17","guid":{"rendered":"http:\/\/www.rotaryeclub4652.org.br\/site\/?page_id=352"},"modified":"2021-09-06T16:11:17","modified_gmt":"2021-09-06T16:11:17","slug":"historico","status":"publish","type":"page","link":"https:\/\/www.rotaryeclub4652.org.br\/site\/historico\/","title":{"rendered":"Hist\u00f3rico"},"content":{"rendered":"\n<p>Apresenta\u00e7\u00e3o de parte dos fundadores do e-Club em reuni\u00e3o do clube Padrinho Rotary Club de Jaragu\u00e1 do Sul em julho de 2015.<\/p>\n\n\n\n<figure class=\"wp-block-image size-large\"><img loading=\"lazy\" width=\"960\" height=\"583\" src=\"http:\/\/www.rotaryeclub4652.org.br\/site\/wp-content\/uploads\/2021\/09\/WhatsApp-Image-2021-09-05-at-11.08.06.jpeg\" alt=\"\" class=\"wp-image-353\" srcset=\"https:\/\/www.rotaryeclub4652.org.br\/site\/wp-content\/uploads\/2021\/09\/WhatsApp-Image-2021-09-05-at-11.08.06.jpeg 960w, https:\/\/www.rotaryeclub4652.org.br\/site\/wp-content\/uploads\/2021\/09\/WhatsApp-Image-2021-09-05-at-11.08.06-300x182.jpeg 300w, https:\/\/www.rotaryeclub4652.org.br\/site\/wp-content\/uploads\/2021\/09\/WhatsApp-Image-2021-09-05-at-11.08.06-768x466.jpeg 768w\" sizes=\"(max-width: 960px) 100vw, 960px\" \/><\/figure>\n\n\n\n<p><\/p>\n","protected":false},"excerpt":{"rendered":"<p>Apresenta\u00e7\u00e3o de parte dos fundadores do e-Club em reuni\u00e3o do clube Padrinho Rotary Club de Jaragu\u00e1 do Sul em julho<\/p>\n","protected":false},"author":1,"featured_media":0,"parent":0,"menu_order":0,"comment_status":"closed","ping_status":"closed","template":"","meta":[],"_links":{"self":[{"href":"https:\/\/www.rotaryeclub4652.org.br\/site\/wp-json\/wp\/v2\/pages\/352"}],"collection":[{"href":"https:\/\/www.rotaryeclub4652.org.br\/site\/wp-json\/wp\/v2\/pages"}],"about":[{"href":"https:\/\/www.rotaryeclub4652.org.br\/site\/wp-json\/wp\/v2\/types\/page"}],"author":[{"embeddable":true,"href":"https:\/\/www.rotaryeclub4652.org.br\/site\/wp-json\/wp\/v2\/users\/1"}],"replies":[{"embeddable":true,"href":"https:\/\/www.rotaryeclub4652.org.br\/site\/wp-json\/wp\/v2\/comments?post=352"}],"version-history":[{"count":1,"href":"https:\/\/www.rotaryeclub4652.org.br\/site\/wp-json\/wp\/v2\/pages\/352\/revisions"}],"predecessor-version":[{"id":355,"href":"https:\/\/www.rotaryeclub4652.org.br\/site\/wp-json\/wp\/v2\/pages\/352\/revisions\/355"}],"wp:attachment":[{"href":"https:\/\/www.rotaryeclub4652.org.br\/site\/wp-json\/wp\/v2\/media?parent=352"}],"curies":[{"name":"wp","href":"https:\/\/api.w.org\/{rel}","templated":true}]}}