{"id":357,"date":"2021-09-21T19:55:05","date_gmt":"2021-09-21T19:55:05","guid":{"rendered":"http:\/\/www.rotaryeclub4652.org.br\/site\/?page_id=357"},"modified":"2021-09-21T20:05:30","modified_gmt":"2021-09-21T20:05:30","slug":"proyecto-abrigando-corazones","status":"publish","type":"page","link":"https:\/\/www.rotaryeclub4652.org.br\/site\/proyecto-abrigando-corazones\/","title":{"rendered":"Abrigando Corazones"},"content":{"rendered":"\n<p>Projeto de doa\u00e7\u00f5es desenvolvido pelo Rotary e-Club do D.4652 juntamente com Las Mujeres Unidas,&nbsp;em Tula de Allende, HGO , M\u00e9xico, para atender os desabrigados pela enchente.<\/p>\n\n\n\n<figure class=\"wp-block-image size-large is-resized\"><img loading=\"lazy\" src=\"http:\/\/www.rotaryeclub4652.org.br\/site\/wp-content\/uploads\/2021\/09\/70.000-Damnificados-em-Tula-de-Allende-HGO-Mexico.jpeg\" alt=\"\" class=\"wp-image-358\" width=\"440\" height=\"468\" srcset=\"https:\/\/www.rotaryeclub4652.org.br\/site\/wp-content\/uploads\/2021\/09\/70.000-Damnificados-em-Tula-de-Allende-HGO-Mexico.jpeg 886w, https:\/\/www.rotaryeclub4652.org.br\/site\/wp-content\/uploads\/2021\/09\/70.000-Damnificados-em-Tula-de-Allende-HGO-Mexico-282x300.jpeg 282w, https:\/\/www.rotaryeclub4652.org.br\/site\/wp-content\/uploads\/2021\/09\/70.000-Damnificados-em-Tula-de-Allende-HGO-Mexico-768x817.jpeg 768w\" sizes=\"(max-width: 440px) 100vw, 440px\" \/><\/figure>\n\n\n\n<figure class=\"wp-block-image size-large is-resized\"><img loading=\"lazy\" src=\"http:\/\/www.rotaryeclub4652.org.br\/site\/wp-content\/uploads\/2021\/09\/Publicar-no-site.-1024x768.jpeg\" alt=\"\" class=\"wp-image-359\" width=\"441\" height=\"331\" srcset=\"https:\/\/www.rotaryeclub4652.org.br\/site\/wp-content\/uploads\/2021\/09\/Publicar-no-site.-1024x768.jpeg 1024w, https:\/\/www.rotaryeclub4652.org.br\/site\/wp-content\/uploads\/2021\/09\/Publicar-no-site.-300x225.jpeg 300w, https:\/\/www.rotaryeclub4652.org.br\/site\/wp-content\/uploads\/2021\/09\/Publicar-no-site.-768x576.jpeg 768w, https:\/\/www.rotaryeclub4652.org.br\/site\/wp-content\/uploads\/2021\/09\/Publicar-no-site..jpeg 1040w\" sizes=\"(max-width: 441px) 100vw, 441px\" \/><\/figure>\n\n\n\n<figure class=\"wp-block-image size-large is-resized\"><img loading=\"lazy\" src=\"http:\/\/www.rotaryeclub4652.org.br\/site\/wp-content\/uploads\/2021\/09\/Publicar-no-site-1024x768.jpeg\" alt=\"\" class=\"wp-image-360\" width=\"441\" height=\"331\" srcset=\"https:\/\/www.rotaryeclub4652.org.br\/site\/wp-content\/uploads\/2021\/09\/Publicar-no-site-1024x768.jpeg 1024w, https:\/\/www.rotaryeclub4652.org.br\/site\/wp-content\/uploads\/2021\/09\/Publicar-no-site-300x225.jpeg 300w, https:\/\/www.rotaryeclub4652.org.br\/site\/wp-content\/uploads\/2021\/09\/Publicar-no-site-768x576.jpeg 768w, https:\/\/www.rotaryeclub4652.org.br\/site\/wp-content\/uploads\/2021\/09\/Publicar-no-site.jpeg 1040w\" sizes=\"(max-width: 441px) 100vw, 441px\" \/><\/figure>\n","protected":false},"excerpt":{"rendered":"<p>Projeto de doa\u00e7\u00f5es desenvolvido pelo Rotary e-Club do D.4652 juntamente com Las Mujeres Unidas,&nbsp;em Tula de Allende, HGO , M\u00e9xico,<\/p>\n","protected":false},"author":1,"featured_media":0,"parent":0,"menu_order":0,"comment_status":"closed","ping_status":"closed","template":"","meta":[],"_links":{"self":[{"href":"https:\/\/www.rotaryeclub4652.org.br\/site\/wp-json\/wp\/v2\/pages\/357"}],"collection":[{"href":"https:\/\/www.rotaryeclub4652.org.br\/site\/wp-json\/wp\/v2\/pages"}],"about":[{"href":"https:\/\/www.rotaryeclub4652.org.br\/site\/wp-json\/wp\/v2\/types\/page"}],"author":[{"embeddable":true,"href":"https:\/\/www.rotaryeclub4652.org.br\/site\/wp-json\/wp\/v2\/users\/1"}],"replies":[{"embeddable":true,"href":"https:\/\/www.rotaryeclub4652.org.br\/site\/wp-json\/wp\/v2\/comments?post=357"}],"version-history":[{"count":5,"href":"https:\/\/www.rotaryeclub4652.org.br\/site\/wp-json\/wp\/v2\/pages\/357\/revisions"}],"predecessor-version":[{"id":372,"href":"https:\/\/www.rotaryeclub4652.org.br\/site\/wp-json\/wp\/v2\/pages\/357\/revisions\/372"}],"wp:attachment":[{"href":"https:\/\/www.rotaryeclub4652.org.br\/site\/wp-json\/wp\/v2\/media?parent=357"}],"curies":[{"name":"wp","href":"https:\/\/api.w.org\/{rel}","templated":true}]}}