{"id":366,"date":"2021-09-21T20:03:58","date_gmt":"2021-09-21T20:03:58","guid":{"rendered":"http:\/\/www.rotaryeclub4652.org.br\/site\/?page_id=366"},"modified":"2021-09-21T20:08:08","modified_gmt":"2021-09-21T20:08:08","slug":"empoderando-meninas-estagiarias","status":"publish","type":"page","link":"https:\/\/www.rotaryeclub4652.org.br\/site\/empoderando-meninas-estagiarias\/","title":{"rendered":"Empoderando Meninas Estagi\u00e1rias"},"content":{"rendered":"\n<p>Visando atender o pedido do Presidente de RI Shekhar Mehta, no sentido<br>de empoderar meninas para que tenham um futuro mais equitativo, o Rotary e-Club do Distrito 4652 proporcionou hospedagem para meninas estudantes de curso de Farm\u00e1cia em Cascavel, PR, no per\u00edodo de 02 a 25\/08\/2021. <\/p>\n\n\n\n<p>Muitas meninas estudantes moram em cidades distantes das suas universidades, frequentam as aulas \u00e0 noite e viajam com transportes disponibilizados pelos Munic\u00edpios. E quando chega o per\u00edodo dos est\u00e1gios<br>obrigat\u00f3rios, que acontecem durante o dia, no contra turno, elas n\u00e3o t\u00eam<br>onde ficar.<\/p>\n\n\n\n<figure class=\"wp-block-image size-large is-resized\"><img loading=\"lazy\" src=\"http:\/\/www.rotaryeclub4652.org.br\/site\/wp-content\/uploads\/2021\/09\/Empoderando-Meninas-Estagiarias1.jpeg\" alt=\"\" class=\"wp-image-367\" width=\"467\" height=\"457\" srcset=\"https:\/\/www.rotaryeclub4652.org.br\/site\/wp-content\/uploads\/2021\/09\/Empoderando-Meninas-Estagiarias1.jpeg 850w, https:\/\/www.rotaryeclub4652.org.br\/site\/wp-content\/uploads\/2021\/09\/Empoderando-Meninas-Estagiarias1-300x294.jpeg 300w, https:\/\/www.rotaryeclub4652.org.br\/site\/wp-content\/uploads\/2021\/09\/Empoderando-Meninas-Estagiarias1-768x753.jpeg 768w\" sizes=\"(max-width: 467px) 100vw, 467px\" \/><\/figure>\n\n\n\n<figure class=\"wp-block-image size-large is-resized\"><img loading=\"lazy\" src=\"http:\/\/www.rotaryeclub4652.org.br\/site\/wp-content\/uploads\/2021\/09\/Empoderando-Meninas-Estagiarias2-807x1024.jpeg\" alt=\"\" class=\"wp-image-368\" width=\"474\" height=\"601\" srcset=\"https:\/\/www.rotaryeclub4652.org.br\/site\/wp-content\/uploads\/2021\/09\/Empoderando-Meninas-Estagiarias2-807x1024.jpeg 807w, https:\/\/www.rotaryeclub4652.org.br\/site\/wp-content\/uploads\/2021\/09\/Empoderando-Meninas-Estagiarias2-236x300.jpeg 236w, https:\/\/www.rotaryeclub4652.org.br\/site\/wp-content\/uploads\/2021\/09\/Empoderando-Meninas-Estagiarias2-768x975.jpeg 768w, https:\/\/www.rotaryeclub4652.org.br\/site\/wp-content\/uploads\/2021\/09\/Empoderando-Meninas-Estagiarias2.jpeg 881w\" sizes=\"(max-width: 474px) 100vw, 474px\" \/><\/figure>\n\n\n\n<figure class=\"wp-block-image size-large is-resized\"><img loading=\"lazy\" src=\"http:\/\/www.rotaryeclub4652.org.br\/site\/wp-content\/uploads\/2021\/09\/Empoderando-Meninas-Estagiarias3-812x1024.jpeg\" alt=\"\" class=\"wp-image-369\" width=\"471\" height=\"593\" srcset=\"https:\/\/www.rotaryeclub4652.org.br\/site\/wp-content\/uploads\/2021\/09\/Empoderando-Meninas-Estagiarias3-812x1024.jpeg 812w, https:\/\/www.rotaryeclub4652.org.br\/site\/wp-content\/uploads\/2021\/09\/Empoderando-Meninas-Estagiarias3-238x300.jpeg 238w, https:\/\/www.rotaryeclub4652.org.br\/site\/wp-content\/uploads\/2021\/09\/Empoderando-Meninas-Estagiarias3-768x968.jpeg 768w, https:\/\/www.rotaryeclub4652.org.br\/site\/wp-content\/uploads\/2021\/09\/Empoderando-Meninas-Estagiarias3.jpeg 1193w\" sizes=\"(max-width: 471px) 100vw, 471px\" \/><\/figure>\n","protected":false},"excerpt":{"rendered":"<p>Visando atender o pedido do Presidente de RI Shekhar Mehta, no sentidode empoderar meninas para que tenham um futuro mais<\/p>\n","protected":false},"author":1,"featured_media":0,"parent":0,"menu_order":0,"comment_status":"closed","ping_status":"closed","template":"","meta":[],"_links":{"self":[{"href":"https:\/\/www.rotaryeclub4652.org.br\/site\/wp-json\/wp\/v2\/pages\/366"}],"collection":[{"href":"https:\/\/www.rotaryeclub4652.org.br\/site\/wp-json\/wp\/v2\/pages"}],"about":[{"href":"https:\/\/www.rotaryeclub4652.org.br\/site\/wp-json\/wp\/v2\/types\/page"}],"author":[{"embeddable":true,"href":"https:\/\/www.rotaryeclub4652.org.br\/site\/wp-json\/wp\/v2\/users\/1"}],"replies":[{"embeddable":true,"href":"https:\/\/www.rotaryeclub4652.org.br\/site\/wp-json\/wp\/v2\/comments?post=366"}],"version-history":[{"count":6,"href":"https:\/\/www.rotaryeclub4652.org.br\/site\/wp-json\/wp\/v2\/pages\/366\/revisions"}],"predecessor-version":[{"id":377,"href":"https:\/\/www.rotaryeclub4652.org.br\/site\/wp-json\/wp\/v2\/pages\/366\/revisions\/377"}],"wp:attachment":[{"href":"https:\/\/www.rotaryeclub4652.org.br\/site\/wp-json\/wp\/v2\/media?parent=366"}],"curies":[{"name":"wp","href":"https:\/\/api.w.org\/{rel}","templated":true}]}}