{"id":381,"date":"2021-12-08T13:00:17","date_gmt":"2021-12-08T13:00:17","guid":{"rendered":"http:\/\/www.rotaryeclub4652.org.br\/site\/?page_id=381"},"modified":"2021-12-08T13:26:28","modified_gmt":"2021-12-08T13:26:28","slug":"cadeira-de-banho-para-lar-de-idosos","status":"publish","type":"page","link":"https:\/\/www.rotaryeclub4652.org.br\/site\/cadeira-de-banho-para-lar-de-idosos\/","title":{"rendered":"Cadeira de Banho para Lar de Idosos"},"content":{"rendered":"\n<p class=\"has-text-align-left\">Os associados do ROTARY E-CLUB DO DISTRITO 4652, doaram uma cadeira de rodas ao Reviver Lar de Idosos, de Itapo\u00e1, SC, com o objetivo de proporcionar, ainda mais, conforto e seguran\u00e7a aos seus residentes.<br>Sabemos que, em tempos de pandemia ainda n\u00e3o acabada, n\u00e3o se pode visitar os idosos, sentar, conversar, ir com eles ao jardim, \u00e0 horta, falar das plantas, ir ao port\u00e3o para ver o movimento e tantas coisas mais. Ent\u00e3o, daqui de fora, rotariamente enviamos o nosso carinho a todos.<\/p>\n\n\n\n<figure class=\"wp-block-gallery columns-3 is-cropped\"><ul class=\"blocks-gallery-grid\"><li class=\"blocks-gallery-item\"><figure><img loading=\"lazy\" width=\"542\" height=\"962\" src=\"http:\/\/www.rotaryeclub4652.org.br\/site\/wp-content\/uploads\/2021\/12\/cadeira-2-1.jpg\" alt=\"\" data-id=\"399\" data-link=\"http:\/\/www.rotaryeclub4652.org.br\/site\/cadeira-de-banho-para-lar-de-idosos\/cadeira-2-1\/\" class=\"wp-image-399\" srcset=\"https:\/\/www.rotaryeclub4652.org.br\/site\/wp-content\/uploads\/2021\/12\/cadeira-2-1.jpg 542w, https:\/\/www.rotaryeclub4652.org.br\/site\/wp-content\/uploads\/2021\/12\/cadeira-2-1-169x300.jpg 169w\" sizes=\"(max-width: 542px) 100vw, 542px\" \/><\/figure><\/li><li class=\"blocks-gallery-item\"><figure><img loading=\"lazy\" width=\"768\" height=\"1024\" src=\"http:\/\/www.rotaryeclub4652.org.br\/site\/wp-content\/uploads\/2021\/12\/cadeira-1-2-768x1024.jpg\" alt=\"\" data-id=\"398\" data-link=\"http:\/\/www.rotaryeclub4652.org.br\/site\/cadeira-de-banho-para-lar-de-idosos\/cadeira-1-2\/\" class=\"wp-image-398\" srcset=\"https:\/\/www.rotaryeclub4652.org.br\/site\/wp-content\/uploads\/2021\/12\/cadeira-1-2-768x1024.jpg 768w, https:\/\/www.rotaryeclub4652.org.br\/site\/wp-content\/uploads\/2021\/12\/cadeira-1-2-225x300.jpg 225w, https:\/\/www.rotaryeclub4652.org.br\/site\/wp-content\/uploads\/2021\/12\/cadeira-1-2.jpg 960w\" sizes=\"(max-width: 768px) 100vw, 768px\" \/><\/figure><\/li><li class=\"blocks-gallery-item\"><figure><img loading=\"lazy\" width=\"502\" height=\"891\" src=\"http:\/\/www.rotaryeclub4652.org.br\/site\/wp-content\/uploads\/2021\/12\/cadeira-3-1.jpg\" alt=\"\" data-id=\"400\" data-full-url=\"http:\/\/www.rotaryeclub4652.org.br\/site\/wp-content\/uploads\/2021\/12\/cadeira-3-1.jpg\" data-link=\"http:\/\/www.rotaryeclub4652.org.br\/site\/cadeira-de-banho-para-lar-de-idosos\/cadeira-3-1\/\" class=\"wp-image-400\" srcset=\"https:\/\/www.rotaryeclub4652.org.br\/site\/wp-content\/uploads\/2021\/12\/cadeira-3-1.jpg 502w, https:\/\/www.rotaryeclub4652.org.br\/site\/wp-content\/uploads\/2021\/12\/cadeira-3-1-169x300.jpg 169w\" sizes=\"(max-width: 502px) 100vw, 502px\" \/><\/figure><\/li><\/ul><\/figure>\n","protected":false},"excerpt":{"rendered":"<p>Os associados do ROTARY E-CLUB DO DISTRITO 4652, doaram uma cadeira de rodas ao Reviver Lar de Idosos, de Itapo\u00e1,<\/p>\n","protected":false},"author":1,"featured_media":0,"parent":0,"menu_order":0,"comment_status":"closed","ping_status":"closed","template":"","meta":[],"_links":{"self":[{"href":"https:\/\/www.rotaryeclub4652.org.br\/site\/wp-json\/wp\/v2\/pages\/381"}],"collection":[{"href":"https:\/\/www.rotaryeclub4652.org.br\/site\/wp-json\/wp\/v2\/pages"}],"about":[{"href":"https:\/\/www.rotaryeclub4652.org.br\/site\/wp-json\/wp\/v2\/types\/page"}],"author":[{"embeddable":true,"href":"https:\/\/www.rotaryeclub4652.org.br\/site\/wp-json\/wp\/v2\/users\/1"}],"replies":[{"embeddable":true,"href":"https:\/\/www.rotaryeclub4652.org.br\/site\/wp-json\/wp\/v2\/comments?post=381"}],"version-history":[{"count":2,"href":"https:\/\/www.rotaryeclub4652.org.br\/site\/wp-json\/wp\/v2\/pages\/381\/revisions"}],"predecessor-version":[{"id":401,"href":"https:\/\/www.rotaryeclub4652.org.br\/site\/wp-json\/wp\/v2\/pages\/381\/revisions\/401"}],"wp:attachment":[{"href":"https:\/\/www.rotaryeclub4652.org.br\/site\/wp-json\/wp\/v2\/media?parent=381"}],"curies":[{"name":"wp","href":"https:\/\/api.w.org\/{rel}","templated":true}]}}