{"id":405,"date":"2022-03-16T16:11:42","date_gmt":"2022-03-16T16:11:42","guid":{"rendered":"http:\/\/www.rotaryeclub4652.org.br\/site\/?page_id=405"},"modified":"2022-03-16T16:18:19","modified_gmt":"2022-03-16T16:18:19","slug":"cesto-da-solidariedade-1o-semestre-gestao-2021-22","status":"publish","type":"page","link":"https:\/\/www.rotaryeclub4652.org.br\/site\/cesto-da-solidariedade-1o-semestre-gestao-2021-22\/","title":{"rendered":"Cesto da Solidariedade &#8211; 1\u00ba Semestre Gest\u00e3o 2021-22"},"content":{"rendered":"\n<p>Por se tratar de e-Club seus associados praticam a\u00e7\u00f5es rot\u00e1rias em suas cidades de origem com ajuda de companheiros e\/ou volunt\u00e1rios. Estas a\u00e7\u00f5es s\u00e3o consideradas conjuntamente como se fossem depositada em um &#8220;Cesto Solid\u00e1rio&#8221; do Clube. Exemplo de a\u00e7\u00f5es praticadas:<\/p>\n\n\n\n<p>&#8211; doa\u00e7\u00e3o cadeira de rodas especial para jovem necessitado;<br>&#8211; doa\u00e7\u00e3o de alimentos e outros bens para fam\u00edlias carentes;<br>&#8211; doa\u00e7\u00f5es financeiras a fam\u00edlias necessitadas;<br>&#8211; horas de trabalhos volunt\u00e1rios em eventos de arrecada\u00e7\u00e3o de fundos;<br>&#8211; horas de conversa\u00e7\u00e3o com pessoas idosas que moram sozinhas;<br>&#8211; horas de participa\u00e7\u00e3o em eventos em casas asilares.<\/p>\n","protected":false},"excerpt":{"rendered":"<p>Por se tratar de e-Club seus associados praticam a\u00e7\u00f5es rot\u00e1rias em suas cidades de origem com ajuda de companheiros e\/ou<\/p>\n","protected":false},"author":1,"featured_media":0,"parent":0,"menu_order":0,"comment_status":"closed","ping_status":"closed","template":"","meta":[],"_links":{"self":[{"href":"https:\/\/www.rotaryeclub4652.org.br\/site\/wp-json\/wp\/v2\/pages\/405"}],"collection":[{"href":"https:\/\/www.rotaryeclub4652.org.br\/site\/wp-json\/wp\/v2\/pages"}],"about":[{"href":"https:\/\/www.rotaryeclub4652.org.br\/site\/wp-json\/wp\/v2\/types\/page"}],"author":[{"embeddable":true,"href":"https:\/\/www.rotaryeclub4652.org.br\/site\/wp-json\/wp\/v2\/users\/1"}],"replies":[{"embeddable":true,"href":"https:\/\/www.rotaryeclub4652.org.br\/site\/wp-json\/wp\/v2\/comments?post=405"}],"version-history":[{"count":3,"href":"https:\/\/www.rotaryeclub4652.org.br\/site\/wp-json\/wp\/v2\/pages\/405\/revisions"}],"predecessor-version":[{"id":415,"href":"https:\/\/www.rotaryeclub4652.org.br\/site\/wp-json\/wp\/v2\/pages\/405\/revisions\/415"}],"wp:attachment":[{"href":"https:\/\/www.rotaryeclub4652.org.br\/site\/wp-json\/wp\/v2\/media?parent=405"}],"curies":[{"name":"wp","href":"https:\/\/api.w.org\/{rel}","templated":true}]}}