{"id":408,"date":"2022-03-16T16:14:07","date_gmt":"2022-03-16T16:14:07","guid":{"rendered":"http:\/\/www.rotaryeclub4652.org.br\/site\/?page_id=408"},"modified":"2022-03-16T16:14:08","modified_gmt":"2022-03-16T16:14:08","slug":"un-granito-de-arena-en-pro-del-orfanotorio-la-paz","status":"publish","type":"page","link":"https:\/\/www.rotaryeclub4652.org.br\/site\/un-granito-de-arena-en-pro-del-orfanotorio-la-paz\/","title":{"rendered":"Un Granito de Arena en pro Del Orfanot\u00f3rio La Paz"},"content":{"rendered":"\n<p>Doa\u00e7\u00e3o de roupas, cal\u00e7ados, utens\u00edlios, brinquedos entre outras que ser\u00e3o utilizados pelas pessoas internas do Orfanat\u00f3rio. Os excedentes ao uso, o Orfanat\u00f3rio comercializara, em Bazar Solid\u00e1rio, para arrecada\u00e7\u00e3o de fundos que ir\u00e1 custear a institui\u00e7\u00e3o.<\/p>\n\n\n\n<figure class=\"wp-block-image size-large is-resized\"><img loading=\"lazy\" src=\"http:\/\/www.rotaryeclub4652.org.br\/site\/wp-content\/uploads\/2022\/03\/WhatsApp-Image-2022-03-13-at-18.07.31-1024x576.jpeg\" alt=\"\" class=\"wp-image-409\" width=\"540\" height=\"304\" srcset=\"https:\/\/www.rotaryeclub4652.org.br\/site\/wp-content\/uploads\/2022\/03\/WhatsApp-Image-2022-03-13-at-18.07.31-1024x576.jpeg 1024w, https:\/\/www.rotaryeclub4652.org.br\/site\/wp-content\/uploads\/2022\/03\/WhatsApp-Image-2022-03-13-at-18.07.31-300x169.jpeg 300w, https:\/\/www.rotaryeclub4652.org.br\/site\/wp-content\/uploads\/2022\/03\/WhatsApp-Image-2022-03-13-at-18.07.31-768x432.jpeg 768w, https:\/\/www.rotaryeclub4652.org.br\/site\/wp-content\/uploads\/2022\/03\/WhatsApp-Image-2022-03-13-at-18.07.31.jpeg 1280w\" sizes=\"(max-width: 540px) 100vw, 540px\" \/><\/figure>\n","protected":false},"excerpt":{"rendered":"<p>Doa\u00e7\u00e3o de roupas, cal\u00e7ados, utens\u00edlios, brinquedos entre outras que ser\u00e3o utilizados pelas pessoas internas do Orfanat\u00f3rio. Os excedentes ao uso,<\/p>\n","protected":false},"author":1,"featured_media":0,"parent":0,"menu_order":0,"comment_status":"closed","ping_status":"closed","template":"","meta":[],"_links":{"self":[{"href":"https:\/\/www.rotaryeclub4652.org.br\/site\/wp-json\/wp\/v2\/pages\/408"}],"collection":[{"href":"https:\/\/www.rotaryeclub4652.org.br\/site\/wp-json\/wp\/v2\/pages"}],"about":[{"href":"https:\/\/www.rotaryeclub4652.org.br\/site\/wp-json\/wp\/v2\/types\/page"}],"author":[{"embeddable":true,"href":"https:\/\/www.rotaryeclub4652.org.br\/site\/wp-json\/wp\/v2\/users\/1"}],"replies":[{"embeddable":true,"href":"https:\/\/www.rotaryeclub4652.org.br\/site\/wp-json\/wp\/v2\/comments?post=408"}],"version-history":[{"count":1,"href":"https:\/\/www.rotaryeclub4652.org.br\/site\/wp-json\/wp\/v2\/pages\/408\/revisions"}],"predecessor-version":[{"id":411,"href":"https:\/\/www.rotaryeclub4652.org.br\/site\/wp-json\/wp\/v2\/pages\/408\/revisions\/411"}],"wp:attachment":[{"href":"https:\/\/www.rotaryeclub4652.org.br\/site\/wp-json\/wp\/v2\/media?parent=408"}],"curies":[{"name":"wp","href":"https:\/\/api.w.org\/{rel}","templated":true}]}}