{"id":423,"date":"2022-04-29T21:10:25","date_gmt":"2022-04-29T21:10:25","guid":{"rendered":"http:\/\/www.rotaryeclub4652.org.br\/site\/?page_id=423"},"modified":"2022-04-29T21:16:02","modified_gmt":"2022-04-29T21:16:02","slug":"doacao-de-fraldas-ao-hospital-nossa-senhora-de-fatima","status":"publish","type":"page","link":"https:\/\/www.rotaryeclub4652.org.br\/site\/doacao-de-fraldas-ao-hospital-nossa-senhora-de-fatima\/","title":{"rendered":"Doa\u00e7\u00e3o de Fraldas ao Hospital  Nossa Senhora de Fatima"},"content":{"rendered":"\n<p>Com a campanha de arrecada\u00e7\u00e3o de recursos foi poss\u00edvel doar 592 fraldas ao Hospital e Maternidade Nossa Senhora de Fatima, de Curitiba. Estas fraldas atender\u00e3o crian\u00e7as que passar\u00e3o para os cuidados do Conselho Tutelar.<\/p>\n\n\n\n<figure class=\"wp-block-image size-large is-resized\"><img loading=\"lazy\" src=\"http:\/\/www.rotaryeclub4652.org.br\/site\/wp-content\/uploads\/2022\/04\/Sem-titulo.jpg\" alt=\"\" class=\"wp-image-426\" width=\"454\" height=\"593\" srcset=\"https:\/\/www.rotaryeclub4652.org.br\/site\/wp-content\/uploads\/2022\/04\/Sem-titulo.jpg 719w, https:\/\/www.rotaryeclub4652.org.br\/site\/wp-content\/uploads\/2022\/04\/Sem-titulo-230x300.jpg 230w\" sizes=\"(max-width: 454px) 100vw, 454px\" \/><\/figure>\n\n\n\n<figure class=\"wp-block-image size-large is-resized\"><img loading=\"lazy\" src=\"http:\/\/www.rotaryeclub4652.org.br\/site\/wp-content\/uploads\/2022\/04\/Sem-titulo1.jpg\" alt=\"\" class=\"wp-image-431\" width=\"462\" height=\"408\" srcset=\"https:\/\/www.rotaryeclub4652.org.br\/site\/wp-content\/uploads\/2022\/04\/Sem-titulo1.jpg 807w, https:\/\/www.rotaryeclub4652.org.br\/site\/wp-content\/uploads\/2022\/04\/Sem-titulo1-300x266.jpg 300w, https:\/\/www.rotaryeclub4652.org.br\/site\/wp-content\/uploads\/2022\/04\/Sem-titulo1-768x680.jpg 768w\" sizes=\"(max-width: 462px) 100vw, 462px\" \/><\/figure>\n","protected":false},"excerpt":{"rendered":"<p>Com a campanha de arrecada\u00e7\u00e3o de recursos foi poss\u00edvel doar 592 fraldas ao Hospital e Maternidade Nossa Senhora de Fatima,<\/p>\n","protected":false},"author":1,"featured_media":0,"parent":0,"menu_order":0,"comment_status":"closed","ping_status":"closed","template":"","meta":[],"_links":{"self":[{"href":"https:\/\/www.rotaryeclub4652.org.br\/site\/wp-json\/wp\/v2\/pages\/423"}],"collection":[{"href":"https:\/\/www.rotaryeclub4652.org.br\/site\/wp-json\/wp\/v2\/pages"}],"about":[{"href":"https:\/\/www.rotaryeclub4652.org.br\/site\/wp-json\/wp\/v2\/types\/page"}],"author":[{"embeddable":true,"href":"https:\/\/www.rotaryeclub4652.org.br\/site\/wp-json\/wp\/v2\/users\/1"}],"replies":[{"embeddable":true,"href":"https:\/\/www.rotaryeclub4652.org.br\/site\/wp-json\/wp\/v2\/comments?post=423"}],"version-history":[{"count":4,"href":"https:\/\/www.rotaryeclub4652.org.br\/site\/wp-json\/wp\/v2\/pages\/423\/revisions"}],"predecessor-version":[{"id":432,"href":"https:\/\/www.rotaryeclub4652.org.br\/site\/wp-json\/wp\/v2\/pages\/423\/revisions\/432"}],"wp:attachment":[{"href":"https:\/\/www.rotaryeclub4652.org.br\/site\/wp-json\/wp\/v2\/media?parent=423"}],"curies":[{"name":"wp","href":"https:\/\/api.w.org\/{rel}","templated":true}]}}