{"id":434,"date":"2022-05-24T16:01:23","date_gmt":"2022-05-24T16:01:23","guid":{"rendered":"http:\/\/www.rotaryeclub4652.org.br\/site\/?page_id=434"},"modified":"2022-05-24T16:04:21","modified_gmt":"2022-05-24T16:04:21","slug":"secadora-de-roupas-para-fundacion-de-proteccion-y-asistencia-para-ancianas-desvalidas-em-izcalli-mexico","status":"publish","type":"page","link":"https:\/\/www.rotaryeclub4652.org.br\/site\/secadora-de-roupas-para-fundacion-de-proteccion-y-asistencia-para-ancianas-desvalidas-em-izcalli-mexico\/","title":{"rendered":"Secadora de Roupas para:  Fundaci\u00f3n de Protecci\u00f3n y Asistencia para Ancianas Desvalidas \u2013 em Izacalli, M\u00e9xico"},"content":{"rendered":"\n<p>O ROTARY E-CLUB DO DISTRITO 4652 (Brasil) e o grupo Mujeres Unidas &#8211; Urbi Balboa (M\u00e9xico) atenderam a necessidade do Ancionato no tocante a secagem de roupas das residentes. As necessidades existem em qualquer lugar, mas para o amor n\u00e3o h\u00e1 fronteiras. Desejamos que fa\u00e7am bom uso !!!<\/p>\n\n\n\n<figure class=\"wp-block-image size-large\"><img loading=\"lazy\" width=\"1024\" height=\"461\" src=\"http:\/\/www.rotaryeclub4652.org.br\/site\/wp-content\/uploads\/2022\/05\/WhatsApp-Image-2022-05-21-at-18.52.20-1024x461.jpeg\" alt=\"\" class=\"wp-image-435\" srcset=\"https:\/\/www.rotaryeclub4652.org.br\/site\/wp-content\/uploads\/2022\/05\/WhatsApp-Image-2022-05-21-at-18.52.20-1024x461.jpeg 1024w, https:\/\/www.rotaryeclub4652.org.br\/site\/wp-content\/uploads\/2022\/05\/WhatsApp-Image-2022-05-21-at-18.52.20-300x135.jpeg 300w, https:\/\/www.rotaryeclub4652.org.br\/site\/wp-content\/uploads\/2022\/05\/WhatsApp-Image-2022-05-21-at-18.52.20-768x346.jpeg 768w, https:\/\/www.rotaryeclub4652.org.br\/site\/wp-content\/uploads\/2022\/05\/WhatsApp-Image-2022-05-21-at-18.52.20.jpeg 1280w\" sizes=\"(max-width: 1024px) 100vw, 1024px\" \/><\/figure>\n\n\n\n<figure class=\"wp-block-image size-large\"><img loading=\"lazy\" width=\"739\" height=\"1024\" src=\"http:\/\/www.rotaryeclub4652.org.br\/site\/wp-content\/uploads\/2022\/05\/WhatsApp-Image-2022-05-21-at-18.52.49-739x1024.jpeg\" alt=\"\" class=\"wp-image-436\" srcset=\"https:\/\/www.rotaryeclub4652.org.br\/site\/wp-content\/uploads\/2022\/05\/WhatsApp-Image-2022-05-21-at-18.52.49-739x1024.jpeg 739w, https:\/\/www.rotaryeclub4652.org.br\/site\/wp-content\/uploads\/2022\/05\/WhatsApp-Image-2022-05-21-at-18.52.49-217x300.jpeg 217w, https:\/\/www.rotaryeclub4652.org.br\/site\/wp-content\/uploads\/2022\/05\/WhatsApp-Image-2022-05-21-at-18.52.49-768x1064.jpeg 768w, https:\/\/www.rotaryeclub4652.org.br\/site\/wp-content\/uploads\/2022\/05\/WhatsApp-Image-2022-05-21-at-18.52.49.jpeg 924w\" sizes=\"(max-width: 739px) 100vw, 739px\" \/><\/figure>\n","protected":false},"excerpt":{"rendered":"<p>O ROTARY E-CLUB DO DISTRITO 4652 (Brasil) e o grupo Mujeres Unidas &#8211; Urbi Balboa (M\u00e9xico) atenderam a necessidade do<\/p>\n","protected":false},"author":1,"featured_media":0,"parent":0,"menu_order":0,"comment_status":"closed","ping_status":"closed","template":"","meta":[],"_links":{"self":[{"href":"https:\/\/www.rotaryeclub4652.org.br\/site\/wp-json\/wp\/v2\/pages\/434"}],"collection":[{"href":"https:\/\/www.rotaryeclub4652.org.br\/site\/wp-json\/wp\/v2\/pages"}],"about":[{"href":"https:\/\/www.rotaryeclub4652.org.br\/site\/wp-json\/wp\/v2\/types\/page"}],"author":[{"embeddable":true,"href":"https:\/\/www.rotaryeclub4652.org.br\/site\/wp-json\/wp\/v2\/users\/1"}],"replies":[{"embeddable":true,"href":"https:\/\/www.rotaryeclub4652.org.br\/site\/wp-json\/wp\/v2\/comments?post=434"}],"version-history":[{"count":2,"href":"https:\/\/www.rotaryeclub4652.org.br\/site\/wp-json\/wp\/v2\/pages\/434\/revisions"}],"predecessor-version":[{"id":439,"href":"https:\/\/www.rotaryeclub4652.org.br\/site\/wp-json\/wp\/v2\/pages\/434\/revisions\/439"}],"wp:attachment":[{"href":"https:\/\/www.rotaryeclub4652.org.br\/site\/wp-json\/wp\/v2\/media?parent=434"}],"curies":[{"name":"wp","href":"https:\/\/api.w.org\/{rel}","templated":true}]}}