{"id":443,"date":"2022-06-16T14:48:52","date_gmt":"2022-06-16T14:48:52","guid":{"rendered":"http:\/\/www.rotaryeclub4652.org.br\/site\/?page_id=443"},"modified":"2022-06-16T14:48:52","modified_gmt":"2022-06-16T14:48:52","slug":"cesto-da-solidariedade-2o-semestre-gestao-2021-22","status":"publish","type":"page","link":"https:\/\/www.rotaryeclub4652.org.br\/site\/cesto-da-solidariedade-2o-semestre-gestao-2021-22\/","title":{"rendered":"Cesto da Solidariedade \u2013 2\u00ba Semestre Gest\u00e3o 2021-22"},"content":{"rendered":"\n<p>Por se tratar de e-Club, os associados praticam a\u00e7\u00f5es rot\u00e1rias em suas cidades de resid\u00eancia, individualmente e\/ou contando com a ajuda de outros rotarianos e\/ou de volunt\u00e1rios. Estas a\u00e7\u00f5es s\u00e3o consideradas conjuntamente como se fossem depositadas em um \u201cCesto Solid\u00e1rio\u201d do Rotary e-Club do Distrito 4652.<\/p>\n\n\n\n<p>A\u00e7\u00f5es praticadas no 2\u00ba semestre da gest\u00e3o 2021-22:<\/p>\n\n\n\n<p>a) atua\u00e7\u00e3o em a\u00e7\u00e3o judicial dativa em favor de idosa carente, aposentada;<br>b) pagamento de exames hospitalares e medicamentos a pessoa idosa;<br>c) doa\u00e7\u00e3o de inje\u00e7\u00f5es de clexane, preventiva de trombofilia, a gr\u00e1vida acometida de Covid;<br>d) intermedia\u00e7\u00e3o para empr\u00e9stimo de cadeira de rodas a idosa;<br>e) doa\u00e7\u00e3o de alimentos para o Lar de Idosos;<br>f) passagens para pessoa necessitada, para fazer exames;<br>g) trabalho volunt\u00e1rio na APAE;<br>h) acompanhamento de pessoa idosa ao m\u00e9dico;<br>i) cesta b\u00e1sica e botij\u00e3o de g\u00e1s a fam\u00edlia necessitada;<br>j) materiais de constru\u00e7\u00e3o a fam\u00edlia atingida por temporal;<br>k) doa\u00e7\u00e3o de colch\u00e3o piramidal, \u00f3leo hidratante e pomada protetora de \u00falceras de dec\u00fabito especialmente manipulada para fraturas no f\u00eamur deum menino;<br>l) cortinas para resid\u00eancia de casal carente.<\/p>\n","protected":false},"excerpt":{"rendered":"<p>Por se tratar de e-Club, os associados praticam a\u00e7\u00f5es rot\u00e1rias em suas cidades de resid\u00eancia, individualmente e\/ou contando com a<\/p>\n","protected":false},"author":1,"featured_media":0,"parent":0,"menu_order":0,"comment_status":"closed","ping_status":"closed","template":"","meta":[],"_links":{"self":[{"href":"https:\/\/www.rotaryeclub4652.org.br\/site\/wp-json\/wp\/v2\/pages\/443"}],"collection":[{"href":"https:\/\/www.rotaryeclub4652.org.br\/site\/wp-json\/wp\/v2\/pages"}],"about":[{"href":"https:\/\/www.rotaryeclub4652.org.br\/site\/wp-json\/wp\/v2\/types\/page"}],"author":[{"embeddable":true,"href":"https:\/\/www.rotaryeclub4652.org.br\/site\/wp-json\/wp\/v2\/users\/1"}],"replies":[{"embeddable":true,"href":"https:\/\/www.rotaryeclub4652.org.br\/site\/wp-json\/wp\/v2\/comments?post=443"}],"version-history":[{"count":1,"href":"https:\/\/www.rotaryeclub4652.org.br\/site\/wp-json\/wp\/v2\/pages\/443\/revisions"}],"predecessor-version":[{"id":445,"href":"https:\/\/www.rotaryeclub4652.org.br\/site\/wp-json\/wp\/v2\/pages\/443\/revisions\/445"}],"wp:attachment":[{"href":"https:\/\/www.rotaryeclub4652.org.br\/site\/wp-json\/wp\/v2\/media?parent=443"}],"curies":[{"name":"wp","href":"https:\/\/api.w.org\/{rel}","templated":true}]}}