{"id":446,"date":"2022-06-16T14:54:42","date_gmt":"2022-06-16T14:54:42","guid":{"rendered":"http:\/\/www.rotaryeclub4652.org.br\/site\/?page_id=446"},"modified":"2022-06-16T14:57:34","modified_gmt":"2022-06-16T14:57:34","slug":"projeto-piloto-leitura-no-campo","status":"publish","type":"page","link":"https:\/\/www.rotaryeclub4652.org.br\/site\/projeto-piloto-leitura-no-campo\/","title":{"rendered":"Projeto Leitura no Campo"},"content":{"rendered":"\n<p>Trata-se de projeto do Rotary e-Club do Distrito 4652 que objetiva a coloca\u00e7\u00e3o de bibliotecas ou esta\u00e7\u00f5es de livros nas igrejas das comunidades rurais, para que crian\u00e7as, adolescentes e adultos tenham acesso a livros com mais facilidade. Do campo vem alimento para o corpo e, em contrapartida, o Rotary e-Club retribui enviando alimento para as mentes.<\/p>\n\n\n\n<figure class=\"wp-block-image size-large\"><img loading=\"lazy\" width=\"768\" height=\"1024\" src=\"http:\/\/www.rotaryeclub4652.org.br\/site\/wp-content\/uploads\/2022\/06\/WhatsApp-Image-2022-06-16-at-11.24.10.jpeg\" alt=\"\" class=\"wp-image-447\" srcset=\"https:\/\/www.rotaryeclub4652.org.br\/site\/wp-content\/uploads\/2022\/06\/WhatsApp-Image-2022-06-16-at-11.24.10.jpeg 768w, https:\/\/www.rotaryeclub4652.org.br\/site\/wp-content\/uploads\/2022\/06\/WhatsApp-Image-2022-06-16-at-11.24.10-225x300.jpeg 225w\" sizes=\"(max-width: 768px) 100vw, 768px\" \/><\/figure>\n\n\n\n<figure class=\"wp-block-image size-large\"><img loading=\"lazy\" width=\"768\" height=\"1024\" src=\"http:\/\/www.rotaryeclub4652.org.br\/site\/wp-content\/uploads\/2022\/06\/WhatsApp-Image-2022-06-16-at-11.24.53.jpeg\" alt=\"\" class=\"wp-image-448\" srcset=\"https:\/\/www.rotaryeclub4652.org.br\/site\/wp-content\/uploads\/2022\/06\/WhatsApp-Image-2022-06-16-at-11.24.53.jpeg 768w, https:\/\/www.rotaryeclub4652.org.br\/site\/wp-content\/uploads\/2022\/06\/WhatsApp-Image-2022-06-16-at-11.24.53-225x300.jpeg 225w\" sizes=\"(max-width: 768px) 100vw, 768px\" \/><\/figure>\n","protected":false},"excerpt":{"rendered":"<p>Trata-se de projeto do Rotary e-Club do Distrito 4652 que objetiva a coloca\u00e7\u00e3o de bibliotecas ou esta\u00e7\u00f5es de livros nas<\/p>\n","protected":false},"author":1,"featured_media":0,"parent":0,"menu_order":0,"comment_status":"closed","ping_status":"closed","template":"","meta":[],"_links":{"self":[{"href":"https:\/\/www.rotaryeclub4652.org.br\/site\/wp-json\/wp\/v2\/pages\/446"}],"collection":[{"href":"https:\/\/www.rotaryeclub4652.org.br\/site\/wp-json\/wp\/v2\/pages"}],"about":[{"href":"https:\/\/www.rotaryeclub4652.org.br\/site\/wp-json\/wp\/v2\/types\/page"}],"author":[{"embeddable":true,"href":"https:\/\/www.rotaryeclub4652.org.br\/site\/wp-json\/wp\/v2\/users\/1"}],"replies":[{"embeddable":true,"href":"https:\/\/www.rotaryeclub4652.org.br\/site\/wp-json\/wp\/v2\/comments?post=446"}],"version-history":[{"count":3,"href":"https:\/\/www.rotaryeclub4652.org.br\/site\/wp-json\/wp\/v2\/pages\/446\/revisions"}],"predecessor-version":[{"id":453,"href":"https:\/\/www.rotaryeclub4652.org.br\/site\/wp-json\/wp\/v2\/pages\/446\/revisions\/453"}],"wp:attachment":[{"href":"https:\/\/www.rotaryeclub4652.org.br\/site\/wp-json\/wp\/v2\/media?parent=446"}],"curies":[{"name":"wp","href":"https:\/\/api.w.org\/{rel}","templated":true}]}}