{"id":51,"date":"2015-06-14T14:33:47","date_gmt":"2015-06-14T14:33:47","guid":{"rendered":"http:\/\/www.rotaryeclub4652.org.br\/site\/?page_id=51"},"modified":"2025-07-18T20:49:55","modified_gmt":"2025-07-18T20:49:55","slug":"fotos","status":"publish","type":"page","link":"https:\/\/www.rotaryeclub4652.org.br\/site\/galeria\/fotos\/","title":{"rendered":"Presidentes"},"content":{"rendered":"<p style=\"text-align: center;\"><strong>Gest\u00e3o 2025-2026<\/strong><\/p>\n<p style=\"text-align: center;\"><strong>Mensagem Presidencial: Unidos para Fazer o Bem<\/strong><\/p>\n<p style=\"text-align: center;\"><a href=\"http:\/\/www.rotaryeclub4652.org.br\/site\/wp-content\/uploads\/2025\/07\/WhatsApp-Image-2025-07-07-at-23.40.46.jpeg\"><img loading=\"lazy\" class=\"alignnone size-medium wp-image-571\" src=\"http:\/\/www.rotaryeclub4652.org.br\/site\/wp-content\/uploads\/2025\/07\/WhatsApp-Image-2025-07-07-at-23.40.46-300x269.jpeg\" alt=\"\" width=\"300\" height=\"269\" srcset=\"https:\/\/www.rotaryeclub4652.org.br\/site\/wp-content\/uploads\/2025\/07\/WhatsApp-Image-2025-07-07-at-23.40.46-300x269.jpeg 300w, https:\/\/www.rotaryeclub4652.org.br\/site\/wp-content\/uploads\/2025\/07\/WhatsApp-Image-2025-07-07-at-23.40.46-1024x918.jpeg 1024w, https:\/\/www.rotaryeclub4652.org.br\/site\/wp-content\/uploads\/2025\/07\/WhatsApp-Image-2025-07-07-at-23.40.46-768x688.jpeg 768w, https:\/\/www.rotaryeclub4652.org.br\/site\/wp-content\/uploads\/2025\/07\/WhatsApp-Image-2025-07-07-at-23.40.46.jpeg 1280w\" sizes=\"(max-width: 300px) 100vw, 300px\" \/><\/a><\/p>\n<p style=\"text-align: center;\">Presidente: Fred Charles Maass<\/p>\n<p style=\"text-align: center;\"><strong>Gest\u00e3o 2024-2025 &#8211; Lema Rot\u00e1rio: A Magia do Rotary<\/strong><\/p>\n<p><a href=\"http:\/\/www.rotaryeclub4652.org.br\/site\/wp-content\/uploads\/2024\/07\/WhatsApp-Image-2024-07-10-at-10.29.21.jpeg\"><img loading=\"lazy\" class=\"size-medium wp-image-530 aligncenter\" src=\"http:\/\/www.rotaryeclub4652.org.br\/site\/wp-content\/uploads\/2024\/07\/WhatsApp-Image-2024-07-10-at-10.29.21-225x300.jpeg\" alt=\"\" width=\"225\" height=\"300\" srcset=\"https:\/\/www.rotaryeclub4652.org.br\/site\/wp-content\/uploads\/2024\/07\/WhatsApp-Image-2024-07-10-at-10.29.21-225x300.jpeg 225w, https:\/\/www.rotaryeclub4652.org.br\/site\/wp-content\/uploads\/2024\/07\/WhatsApp-Image-2024-07-10-at-10.29.21-768x1024.jpeg 768w, https:\/\/www.rotaryeclub4652.org.br\/site\/wp-content\/uploads\/2024\/07\/WhatsApp-Image-2024-07-10-at-10.29.21.jpeg 960w\" sizes=\"(max-width: 225px) 100vw, 225px\" \/><\/a><\/p>\n<p style=\"text-align: center;\">Presidente: Fred Charles Maass<\/p>\n<p style=\"text-align: center;\"><strong>Gest\u00e3o 2023-2024 &#8211; Lema Rot\u00e1rio: Crie Esperan\u00e7a no Mundo<\/strong><\/p>\n<p style=\"text-align: center;\"><a href=\"http:\/\/www.rotaryeclub4652.org.br\/site\/wp-content\/uploads\/2023\/07\/Foto-Cynara1.jpeg\"><img loading=\"lazy\" class=\"alignnone  wp-image-496\" src=\"http:\/\/www.rotaryeclub4652.org.br\/site\/wp-content\/uploads\/2023\/07\/Foto-Cynara1.jpeg\" alt=\"\" width=\"188\" height=\"282\" \/><\/a><\/p>\n<p style=\"text-align: center;\">Presidente: Cynara Maria Reinert<\/p>\n<p style=\"text-align: center;\"><strong>Gest\u00e3o 2022-2023 &#8211; Lema Rot\u00e1rio: Imagine o Rotary<\/strong><\/p>\n<p style=\"text-align: center;\"><a href=\"http:\/\/www.rotaryeclub4652.org.br\/site\/wp-content\/uploads\/2022\/07\/ana.jpg\"><img loading=\"lazy\" class=\"alignnone size-full wp-image-462\" src=\"http:\/\/www.rotaryeclub4652.org.br\/site\/wp-content\/uploads\/2022\/07\/ana.jpg\" alt=\"\" width=\"157\" height=\"220\" \/><\/a><\/p>\n<p style=\"text-align: center;\">Presidente: Ana L\u00facia Barbetta P\u00e9ricas<\/p>\n<p style=\"text-align: center;\"><strong>Gest\u00e3o 2021-2022 &#8211; Lema Rot\u00e1rio: Servir para Transformar Vidas<\/strong><\/p>\n<p style=\"text-align: center;\"><a href=\"http:\/\/www.rotaryeclub4652.org.br\/site\/wp-content\/uploads\/2021\/06\/pp-1.jpg\"><img loading=\"lazy\" class=\"alignnone  wp-image-281\" src=\"http:\/\/www.rotaryeclub4652.org.br\/site\/wp-content\/uploads\/2021\/06\/pp-1.jpg\" alt=\"\" width=\"222\" height=\"222\" srcset=\"https:\/\/www.rotaryeclub4652.org.br\/site\/wp-content\/uploads\/2021\/06\/pp-1.jpg 281w, https:\/\/www.rotaryeclub4652.org.br\/site\/wp-content\/uploads\/2021\/06\/pp-1-150x150.jpg 150w\" sizes=\"(max-width: 222px) 100vw, 222px\" \/><\/a><\/p>\n<p style=\"text-align: center;\">Presidente: Rosalina Martins Ferreira<\/p>\n<p style=\"text-align: center;\"><strong>Gest\u00e3o 2020-2021 &#8211; Lema Rot\u00e1rio: O Rotary Abre Oportunidades<\/strong><\/p>\n<p><a href=\"http:\/\/www.rotaryeclub4652.org.br\/site\/wp-content\/uploads\/2020\/09\/rafael.jpg\"><img loading=\"lazy\" class=\"wp-image-263 aligncenter\" src=\"http:\/\/www.rotaryeclub4652.org.br\/site\/wp-content\/uploads\/2020\/09\/rafael.jpg\" alt=\"\" width=\"197\" height=\"257\" \/><\/a><\/p>\n<p style=\"text-align: center;\">Presidente: Rafael Luis Rozza<\/p>\n<p style=\"text-align: center;\"><strong>Gest\u00e3o 2019-2020 &#8211; Lema Rot\u00e1rio: O Rotary Conecta o Mundo<\/strong><\/p>\n<p><a href=\"http:\/\/www.rotaryeclub4652.org.br\/site\/wp-content\/uploads\/2020\/09\/Juliano.jpg\"><img loading=\"lazy\" class=\"size-full wp-image-264 aligncenter\" src=\"http:\/\/www.rotaryeclub4652.org.br\/site\/wp-content\/uploads\/2020\/09\/Juliano.jpg\" alt=\"\" width=\"194\" height=\"263\" \/><\/a><\/p>\n<p style=\"text-align: center;\">Presidente: Juliano Tobias Leitempergher<\/p>\n<p style=\"text-align: center;\"><strong>Gest\u00e3o 2018-2019 &#8211; Lema Rot\u00e1rio: Seja a Inspira\u00e7\u00e3o<\/strong><\/p>\n<p style=\"text-align: center;\"><a href=\"http:\/\/www.rotaryeclub4652.org.br\/site\/wp-content\/uploads\/2020\/09\/fabiano.jpg\"><img loading=\"lazy\" class=\"alignnone size-full wp-image-270\" src=\"http:\/\/www.rotaryeclub4652.org.br\/site\/wp-content\/uploads\/2020\/09\/fabiano.jpg\" alt=\"\" width=\"172\" height=\"266\" \/><\/a><\/p>\n<p style=\"text-align: center;\">Presidente: Fabiano Ruschel de Andrade<\/p>\n<p style=\"text-align: center;\"><strong>Gest\u00e3o 2017-2018 &#8211; Lema Rot\u00e1rio: O Rotary Faz a Diferen\u00e7a<\/strong><\/p>\n<p><a href=\"http:\/\/www.rotaryeclub4652.org.br\/site\/wp-content\/uploads\/2020\/09\/maicon.jpg\"><img loading=\"lazy\" class=\"wp-image-265 aligncenter\" src=\"http:\/\/www.rotaryeclub4652.org.br\/site\/wp-content\/uploads\/2020\/09\/maicon.jpg\" alt=\"\" width=\"186\" height=\"262\" \/><\/a><\/p>\n<p style=\"text-align: center;\">Presidente: Maicon Roberto Alves<\/p>\n<p style=\"text-align: center;\"><strong>Gest\u00e3o 2016-2017 &#8211; Lema Rot\u00e1rio: Rotary a Servi\u00e7o da Humanidade<\/strong><\/p>\n<p style=\"text-align: center;\"><a href=\"http:\/\/www.rotaryeclub4652.org.br\/site\/wp-content\/uploads\/2020\/09\/fabiano.jpg\"><img loading=\"lazy\" class=\"alignnone size-full wp-image-270\" src=\"http:\/\/www.rotaryeclub4652.org.br\/site\/wp-content\/uploads\/2020\/09\/fabiano.jpg\" alt=\"\" width=\"172\" height=\"266\" \/><\/a><\/p>\n<p style=\"text-align: center;\">Presidente: Fabiano Ruschel de Andrade<\/p>\n<p style=\"text-align: center;\"><strong>Gest\u00e3o 2015-2016 &#8211; Lema Rot\u00e1rio: Seja um Presente para o Mundo<\/strong><\/p>\n<p style=\"text-align: center;\"><a href=\"http:\/\/www.rotaryeclub4652.org.br\/site\/wp-content\/uploads\/2020\/09\/rodrigo.jpg\"><img loading=\"lazy\" class=\"alignnone size-medium wp-image-274\" src=\"http:\/\/www.rotaryeclub4652.org.br\/site\/wp-content\/uploads\/2020\/09\/rodrigo-201x300.jpg\" alt=\"\" width=\"201\" height=\"300\" srcset=\"https:\/\/www.rotaryeclub4652.org.br\/site\/wp-content\/uploads\/2020\/09\/rodrigo-201x300.jpg 201w, https:\/\/www.rotaryeclub4652.org.br\/site\/wp-content\/uploads\/2020\/09\/rodrigo.jpg 211w\" sizes=\"(max-width: 201px) 100vw, 201px\" \/><\/a><\/p>\n<p style=\"text-align: center;\">Presidente: Rodrigo Hoepers<\/p>\n\n\n<p><\/p>\n","protected":false},"excerpt":{"rendered":"<p>Gest\u00e3o 2025-2026 Mensagem Presidencial: Unidos para Fazer o Bem Presidente: Fred Charles Maass Gest\u00e3o 2024-2025 &#8211; Lema Rot\u00e1rio: A Magia<\/p>\n","protected":false},"author":1,"featured_media":0,"parent":39,"menu_order":0,"comment_status":"closed","ping_status":"closed","template":"","meta":[],"_links":{"self":[{"href":"https:\/\/www.rotaryeclub4652.org.br\/site\/wp-json\/wp\/v2\/pages\/51"}],"collection":[{"href":"https:\/\/www.rotaryeclub4652.org.br\/site\/wp-json\/wp\/v2\/pages"}],"about":[{"href":"https:\/\/www.rotaryeclub4652.org.br\/site\/wp-json\/wp\/v2\/types\/page"}],"author":[{"embeddable":true,"href":"https:\/\/www.rotaryeclub4652.org.br\/site\/wp-json\/wp\/v2\/users\/1"}],"replies":[{"embeddable":true,"href":"https:\/\/www.rotaryeclub4652.org.br\/site\/wp-json\/wp\/v2\/comments?post=51"}],"version-history":[{"count":40,"href":"https:\/\/www.rotaryeclub4652.org.br\/site\/wp-json\/wp\/v2\/pages\/51\/revisions"}],"predecessor-version":[{"id":572,"href":"https:\/\/www.rotaryeclub4652.org.br\/site\/wp-json\/wp\/v2\/pages\/51\/revisions\/572"}],"up":[{"embeddable":true,"href":"https:\/\/www.rotaryeclub4652.org.br\/site\/wp-json\/wp\/v2\/pages\/39"}],"wp:attachment":[{"href":"https:\/\/www.rotaryeclub4652.org.br\/site\/wp-json\/wp\/v2\/media?parent=51"}],"curies":[{"name":"wp","href":"https:\/\/api.w.org\/{rel}","templated":true}]}}