{"id":54,"date":"2015-06-14T14:34:05","date_gmt":"2015-06-14T14:34:05","guid":{"rendered":"http:\/\/www.rotaryeclub4652.org.br\/site\/?page_id=54"},"modified":"2025-07-03T17:13:30","modified_gmt":"2025-07-03T17:13:30","slug":"videos","status":"publish","type":"page","link":"https:\/\/www.rotaryeclub4652.org.br\/site\/galeria\/videos\/","title":{"rendered":"Videos"},"content":{"rendered":"<p>\u00a0<\/p>\n<p><div class=\"fitvids-video\"><iframe title=\"Isto \u00e9 Rotary International ( em Portugu\u00eas )\" width=\"660\" height=\"371\" src=\"https:\/\/www.youtube.com\/embed\/FJMUR-SoeIs?feature=oembed\" frameborder=\"0\" allow=\"accelerometer; autoplay; clipboard-write; encrypted-media; gyroscope; picture-in-picture; web-share\" referrerpolicy=\"strict-origin-when-cross-origin\" allowfullscreen><\/iframe><\/div><\/p>\n\n\n<figure class=\"wp-block-embed-youtube wp-block-embed is-type-video is-provider-youtube wp-embed-aspect-16-9 wp-has-aspect-ratio\"><div class=\"wp-block-embed__wrapper\">\n<div class=\"fitvids-video\"><iframe title=\"Governador do Rotary, em SC, faz um balan\u00e7o das atividades do segundo maior Distrito do Brasil\" width=\"660\" height=\"371\" src=\"https:\/\/www.youtube.com\/embed\/P5cWRb4rzj4?feature=oembed\" frameborder=\"0\" allow=\"accelerometer; autoplay; clipboard-write; encrypted-media; gyroscope; picture-in-picture; web-share\" referrerpolicy=\"strict-origin-when-cross-origin\" allowfullscreen><\/iframe><\/div>\n<\/div><\/figure>\n\n\n\n<figure class=\"wp-block-embed-youtube wp-block-embed is-type-video is-provider-youtube wp-embed-aspect-16-9 wp-has-aspect-ratio\"><div class=\"wp-block-embed__wrapper\">\n<div class=\"fitvids-video\"><iframe title=\"Funda\u00e7\u00e3o Rot\u00e1ria - Fazendo o bem no mundo h\u00e1 100 anos\" width=\"660\" height=\"371\" src=\"https:\/\/www.youtube.com\/embed\/tFoZ25nhKsE?feature=oembed\" frameborder=\"0\" allow=\"accelerometer; autoplay; clipboard-write; encrypted-media; gyroscope; picture-in-picture; web-share\" referrerpolicy=\"strict-origin-when-cross-origin\" allowfullscreen><\/iframe><\/div>\n<\/div><\/figure>\n\n\n\n<figure class=\"wp-block-embed-youtube wp-block-embed is-type-video is-provider-youtube wp-embed-aspect-16-9 wp-has-aspect-ratio\"><div class=\"wp-block-embed__wrapper\">\n<div class=\"fitvids-video\"><iframe title=\"Interc\u00e2mbio do Rotary- Transformando Vidas! (Document\u00e1rio por Rotex 4652).\" width=\"660\" height=\"371\" src=\"https:\/\/www.youtube.com\/embed\/HasgQqUrXQw?feature=oembed\" frameborder=\"0\" allow=\"accelerometer; autoplay; clipboard-write; encrypted-media; gyroscope; picture-in-picture; web-share\" referrerpolicy=\"strict-origin-when-cross-origin\" allowfullscreen><\/iframe><\/div>\n<\/div><\/figure>\n\n\n\n<figure class=\"wp-block-embed-youtube wp-block-embed is-type-video is-provider-youtube wp-embed-aspect-16-9 wp-has-aspect-ratio\"><div class=\"wp-block-embed__wrapper\">\n<div class=\"fitvids-video\"><iframe title=\"PRIVACIDADE E PROTE\u00c7\u00c3O DE DADOS PESSOAIS Distrito 4652 25 09 2020\" width=\"660\" height=\"371\" src=\"https:\/\/www.youtube.com\/embed\/HZFSUWSu2a4?feature=oembed\" frameborder=\"0\" allow=\"accelerometer; autoplay; clipboard-write; encrypted-media; gyroscope; picture-in-picture; web-share\" referrerpolicy=\"strict-origin-when-cross-origin\" allowfullscreen><\/iframe><\/div>\n<\/div><\/figure>\n","protected":false},"excerpt":{"rendered":"<p>\u00a0<\/p>\n","protected":false},"author":1,"featured_media":0,"parent":39,"menu_order":0,"comment_status":"closed","ping_status":"closed","template":"","meta":[],"_links":{"self":[{"href":"https:\/\/www.rotaryeclub4652.org.br\/site\/wp-json\/wp\/v2\/pages\/54"}],"collection":[{"href":"https:\/\/www.rotaryeclub4652.org.br\/site\/wp-json\/wp\/v2\/pages"}],"about":[{"href":"https:\/\/www.rotaryeclub4652.org.br\/site\/wp-json\/wp\/v2\/types\/page"}],"author":[{"embeddable":true,"href":"https:\/\/www.rotaryeclub4652.org.br\/site\/wp-json\/wp\/v2\/users\/1"}],"replies":[{"embeddable":true,"href":"https:\/\/www.rotaryeclub4652.org.br\/site\/wp-json\/wp\/v2\/comments?post=54"}],"version-history":[{"count":14,"href":"https:\/\/www.rotaryeclub4652.org.br\/site\/wp-json\/wp\/v2\/pages\/54\/revisions"}],"predecessor-version":[{"id":568,"href":"https:\/\/www.rotaryeclub4652.org.br\/site\/wp-json\/wp\/v2\/pages\/54\/revisions\/568"}],"up":[{"embeddable":true,"href":"https:\/\/www.rotaryeclub4652.org.br\/site\/wp-json\/wp\/v2\/pages\/39"}],"wp:attachment":[{"href":"https:\/\/www.rotaryeclub4652.org.br\/site\/wp-json\/wp\/v2\/media?parent=54"}],"curies":[{"name":"wp","href":"https:\/\/api.w.org\/{rel}","templated":true}]}}