{"id":58,"date":"2015-06-14T17:17:53","date_gmt":"2015-06-14T17:17:53","guid":{"rendered":"http:\/\/www.rotaryeclub4652.org.br\/site\/?page_id=58"},"modified":"2025-07-02T19:20:21","modified_gmt":"2025-07-02T19:20:21","slug":"home","status":"publish","type":"page","link":"https:\/\/www.rotaryeclub4652.org.br\/site\/","title":{"rendered":""},"content":{"rendered":"\n<p>Ol\u00e1, seja bem vindo!<\/p>\n\n\n\n<p>O&nbsp;<a href=\"http:\/\/www.rotaryeclub4652.org.br\/moodle\/mod\/url\/view.php?id=5\">Rotary<\/a>&nbsp;e-Club \u00e9 um clube de Rotary como os demais: seus associados se re\u00fanem semanalmente, fazem&nbsp;projetos humanit\u00e1rios, apoiam a Funda\u00e7\u00e3o Rot\u00e1ria e participam de eventos sociais e do RI.<\/p>\n\n\n\n<p>A \u00fanica diferen\u00e7a \u00e9 que a nossa reuni\u00e3o \u00e9 <em>on line<\/em>, postada no ambiente pr\u00f3prio do nosso site. O associado pode acessar a reuni\u00e3o e fazer sua participa\u00e7\u00e3o no hor\u00e1rio e no dia que quiser, durante a semana de perman\u00eancia da reuni\u00e3o postada. As reuni\u00f5es s\u00e3o postadas com assuntos diversos de pauta na quarta-feira a partir das 12 horas, ficando at\u00e9 as 12 horas da quarta-feira pr\u00f3xima. Pode haver intera\u00e7\u00e3o nas participa\u00e7\u00f5es da reuni\u00e3o, inclusive.<\/p>\n\n\n\n<p>Usamos ainda webinars, videoconfer\u00eancias e mensagens instant\u00e2neas para nossos eventos e comunica\u00e7\u00e3o.<\/p>\n\n\n\n<p>Nos reunimos tamb\u00e9m pessoalmente em alguns eventos pr\u00f3prios e para realiza\u00e7\u00e3o de projetos. E sempre temos representantes nos eventos do Distrito e eventos do RI (sejam presenciais ou <em>on line<\/em>).<\/p>\n\n\n\n<p>Qualquer rotariano poder\u00e1 recuperar frequ\u00eancia em nosso e-Club, atrav\u00e9s da \u00e1rea de <em>Visitantes \u2013 Recupera\u00e7\u00e3o de Frequ\u00eancia<\/em>, onde constam as instru\u00e7\u00f5es de forma e uso da ferramenta.<\/p>\n\n\n\n<p>N\u00e3o hesite em nos contatar, atrav\u00e9s de nosso e-mail <strong>rotaryeclub4652@gmail.com<\/strong><\/p>\n\n\n\n<p>.<\/p>\n\n\n\n<p><strong>Fred Charles Maass<\/strong><\/p>\n\n\n\n<p>Presidente Gest\u00e3o 2025-26<\/p>\n\n\n\n<p><\/p>\n\n\n\n<p><\/p>\n\n\n\n<p><strong>Nossas redes sociais: <\/strong><\/p>\n\n\n\n<p><a rel=\"noreferrer noopener\" href=\"https:\/\/www.instagram.com\/rotaryeclub4652\/\" target=\"_blank\"><img loading=\"lazy\" width=\"500\" height=\"500\" class=\"wp-image-501\" style=\"width: 80px;\" src=\"http:\/\/www.rotaryeclub4652.org.br\/site\/wp-content\/uploads\/2023\/07\/WhatsApp-Image-2023-07-02-at-20.35.50.jpeg\" alt=\"\" srcset=\"https:\/\/www.rotaryeclub4652.org.br\/site\/wp-content\/uploads\/2023\/07\/WhatsApp-Image-2023-07-02-at-20.35.50.jpeg 500w, https:\/\/www.rotaryeclub4652.org.br\/site\/wp-content\/uploads\/2023\/07\/WhatsApp-Image-2023-07-02-at-20.35.50-300x300.jpeg 300w, https:\/\/www.rotaryeclub4652.org.br\/site\/wp-content\/uploads\/2023\/07\/WhatsApp-Image-2023-07-02-at-20.35.50-150x150.jpeg 150w\" sizes=\"(max-width: 500px) 100vw, 500px\" \/><\/a><\/p>\n\n\n\n<p><\/p>\n\n\n\n<div class=\"wp-block-group\"><div class=\"wp-block-group__inner-container\">\n<div class=\"wp-block-group\"><div class=\"wp-block-group__inner-container\">\n<figure class=\"wp-block-gallery alignleft columns-0 is-cropped\"><ul class=\"blocks-gallery-grid\"><\/ul><\/figure>\n<\/div><\/div>\n<\/div><\/div>\n\n\n\n<p> <\/p>\n","protected":false},"excerpt":{"rendered":"<p>Ol\u00e1, seja bem vindo! O&nbsp;Rotary&nbsp;e-Club \u00e9 um clube de Rotary como os demais: seus associados se re\u00fanem semanalmente, fazem&nbsp;projetos humanit\u00e1rios,<\/p>\n","protected":false},"author":1,"featured_media":0,"parent":0,"menu_order":0,"comment_status":"closed","ping_status":"closed","template":"","meta":[],"_links":{"self":[{"href":"https:\/\/www.rotaryeclub4652.org.br\/site\/wp-json\/wp\/v2\/pages\/58"}],"collection":[{"href":"https:\/\/www.rotaryeclub4652.org.br\/site\/wp-json\/wp\/v2\/pages"}],"about":[{"href":"https:\/\/www.rotaryeclub4652.org.br\/site\/wp-json\/wp\/v2\/types\/page"}],"author":[{"embeddable":true,"href":"https:\/\/www.rotaryeclub4652.org.br\/site\/wp-json\/wp\/v2\/users\/1"}],"replies":[{"embeddable":true,"href":"https:\/\/www.rotaryeclub4652.org.br\/site\/wp-json\/wp\/v2\/comments?post=58"}],"version-history":[{"count":39,"href":"https:\/\/www.rotaryeclub4652.org.br\/site\/wp-json\/wp\/v2\/pages\/58\/revisions"}],"predecessor-version":[{"id":550,"href":"https:\/\/www.rotaryeclub4652.org.br\/site\/wp-json\/wp\/v2\/pages\/58\/revisions\/550"}],"wp:attachment":[{"href":"https:\/\/www.rotaryeclub4652.org.br\/site\/wp-json\/wp\/v2\/media?parent=58"}],"curies":[{"name":"wp","href":"https:\/\/api.w.org\/{rel}","templated":true}]}}